{"id":125,"date":"2022-12-20T22:04:08","date_gmt":"2022-12-20T21:04:08","guid":{"rendered":"https:\/\/new.reflectprint.eu\/rundum-angebot\/"},"modified":"2022-12-27T18:27:02","modified_gmt":"2022-12-27T17:27:02","slug":"rundum-angebot","status":"publish","type":"page","link":"https:\/\/www.reflectprint.eu\/de\/rundum-angebot\/","title":{"rendered":"Rundum-Angebot"},"content":{"rendered":"<div class=\"content page-content\">\n<div class=\"wrap container-fluid\">\n<div class=\"row\">\n<div class=\"col-xs-12\">\n<div class=\"top-img\">\n<div class=\"st-item\">\n<img decoding=\"async\" src=\"\/wp-content\/themes\/dbx_reflect\/img\/slide.png\" alt=\"\" class=\"img-responsive\" \/><\/p>\n<div class=\"caption\">\n<ul class=\"breadcrumbs\">\n<li><a href=\"#\">Startseite<\/a><\/li>\n<li>&gt;<\/li>\n<li>Rundum-Angebot<\/li>\n<\/ul>\n<h1>Rundum-Angebot<\/h1>\n<\/p><\/div>\n<\/p><\/div>\n<\/p><\/div>\n<p>\n\t\t\t\t<strong>Bestellung und Lieferung von einem Ort aus?<\/strong><br \/>\n\t\t\t\t<strong>Ein einziger Kundenbetreuer und Ansprechpartner?<\/strong><br \/>\n\t\t\t\t<strong>Einheitliche Qualit\u00e4tskontrolle f\u00fcr verschiedene Auftr\u00e4ge und niedrigere Transportpreise durch die Zusammenlegung von Sendungen?<\/strong>\n\t\t\t\t<\/p>\n<p>Dies sind nur einige der Vorteile daraus, dass wir bei Reflect den gesamten Herstellungsprozess von bedruckten Kleidungsst\u00fccken, vom Entwurf bis zur Verpackung, \u00fcbernehmen und Ihnen alle heutzutage relevanten Drucktechniken anbieten.<\/p>\n<p>Der Rundum-Service von Reflect ist ideal f\u00fcr Modemarken, Werbeagenturen und alle, die Komfort sowie die Gewissheit einheitlicher Standards w\u00fcnschen.<\/p>\n<p class=\"mb-50\"><strong>Testen Sie uns!<\/strong><\/p>\n<\/p><\/div>\n<div class=\"col-xs-12\">\n<div class=\"row el360\">\n<div class=\"col-xs-12 col-md-5\">\n                  <img decoding=\"async\" src=\"\/wp-content\/themes\/dbx_reflect\/img\/360-img1.jpg\" alt=\"\" class=\"img-responsive\" \/>\n                <\/div>\n<div class=\"col-xs-12 col-md-2 center-xs\">\n<div class=\"timeline-ico-container\">\n<div class=\"tic-line yellow\"><\/div>\n<div class=\"tic-ico\"><img decoding=\"async\" src=\"\/wp-content\/themes\/dbx_reflect\/img\/360-ico1.svg\" alt=\"\" class=\"img-responsive\" \/><\/div>\n<\/p><\/div>\n<\/p><\/div>\n<div class=\"col-xs-12 col-md-5\" style=\"justify-content: center; display: flex; flex-direction: column;\">\n<h3 class=\"mb-20\">Entwerfen<\/h3>\n<p>Schicken Sie uns Ihren Entwurf und wir werden ihn wie erwartet ausf\u00fchren. Wenn Sie Hilfe brauchen \u2013 unsere Designer korrigieren Ihren Entwurf oder erstellen ihn f\u00fcr Sie. Sowohl beim Schnitt als auch bei der Verzierung von Kleidungsst\u00fccken und Accessoires.<\/p>\n<\/p><\/div>\n<\/p><\/div>\n<div class=\"row el360\">\n<div class=\"col-xs-12 col-md-5\" style=\"justify-content: center; display: flex; flex-direction: column;\">\n<h3 class=\"mb-20\">N\u00e4hen<\/h3>\n<p>Wir werden Ihr Projekt mit modernen Maschinen n\u00e4hen, die eine pr\u00e4zise Ausf\u00fchrung garantieren. Wir bieten N\u00e4hen auf: Autolap, 5- und 3-Faden-Overlock, Zwillingsnadel und anderen Maschinen. Und weil dies unsere erfahrenen N\u00e4herinnen tun, wird Ihre Kleidung perfekt sein.<\/p>\n<\/p><\/div>\n<div class=\"col-xs-12 col-md-2 center-xs\">\n<div class=\"timeline-ico-container\">\n<div class=\"tic-line blue\"><\/div>\n<div class=\"tic-ico\"><img decoding=\"async\" src=\"\/wp-content\/themes\/dbx_reflect\/img\/360-ico2.svg\" alt=\"\" class=\"img-responsive\" \/><\/div>\n<\/p><\/div>\n<\/p><\/div>\n<div class=\"col-xs-12 col-md-5\">\n                  <img decoding=\"async\" src=\"\/wp-content\/themes\/dbx_reflect\/img\/360-img2.jpg\" alt=\"\" class=\"img-responsive\" \/>\n                <\/div>\n<\/p><\/div>\n<div class=\"row el360\">\n<div class=\"col-xs-12 col-md-5\">\n                  <img decoding=\"async\" src=\"\/wp-content\/themes\/dbx_reflect\/img\/360-img3.jpg\" alt=\"\" class=\"img-responsive\" \/>\n                <\/div>\n<div class=\"col-xs-12 col-md-2 center-xs\">\n<div class=\"timeline-ico-container\">\n<div class=\"tic-line pink\"><\/div>\n<div class=\"tic-ico\"><img decoding=\"async\" src=\"\/wp-content\/themes\/dbx_reflect\/img\/360-ico3.svg\" alt=\"\" class=\"img-responsive\" \/><\/div>\n<\/p><\/div>\n<\/p><\/div>\n<div class=\"col-xs-12 col-md-5\" style=\"justify-content: center; display: flex; flex-direction: column;\">\n<h3 class=\"mb-20\">Bedrucken<\/h3>\n<p>Siebdruck, Sublimation, Stickerei, DTG, Thermotransfer, Flexfolie, Flockfolie und mehr.<\/p>\n<p>Diese und andere Methoden, die bei Reflect unter einem Dach angeboten werden, bieten Ihnen eine breite Palette an M\u00f6glichkeiten, sowohl was die Resultate als auch den Preis betrifft.<\/p>\n<p>Wir f\u00fchren auch die ehrgeizigsten Entw\u00fcrfe aus, dank unserer Druckexperten mit jahrelanger Erfahrung, Tausenden von abgeschlossenen Projekten und dem, was das Herzst\u00fcck des Bedruckens ausmacht: Maschinen und Techniken der weltweit f\u00fchrenden Marken: Tajima, Kornit, M&#038;R oder Epson.<\/p>\n<\/p><\/div>\n<\/p><\/div>\n<div class=\"row el360\">\n<div class=\"col-xs-12 col-md-5\" style=\"justify-content: center; display: flex; flex-direction: column;\">\n<h3 class=\"mb-20\">Etikettierung<\/h3>\n<p>Wir etikettieren auf vielf\u00e4ltige Weise. Wir bedrucken und vern\u00e4hen Textiletiketten, h\u00e4ngen Kartonanh\u00e4nger auf. Sie entscheiden selbst, was es sein wird.<\/p>\n<p>Auf Anfrage k\u00f6nnen wir auch die Herstelleretiketten durch Etiketten mit Ihrem Logo ersetzen.<\/p>\n<\/p><\/div>\n<div class=\"col-xs-12 col-md-2 center-xs\">\n<div class=\"timeline-ico-container\">\n<div class=\"tic-line yellow\"><\/div>\n<div class=\"tic-ico\"><img decoding=\"async\" src=\"\/wp-content\/themes\/dbx_reflect\/img\/360-ico4.svg\" alt=\"\" class=\"img-responsive\" \/><\/div>\n<\/p><\/div>\n<\/p><\/div>\n<div class=\"col-xs-12 col-md-5\">\n                  <img decoding=\"async\" src=\"\/wp-content\/themes\/dbx_reflect\/img\/360-img4.jpg\" alt=\"\" class=\"img-responsive\" \/>\n                <\/div>\n<\/p><\/div>\n<div class=\"row el360\">\n<div class=\"col-xs-12 col-md-5\">\n                  <img decoding=\"async\" src=\"\/wp-content\/themes\/dbx_reflect\/img\/360-img5.jpg\" alt=\"\" class=\"img-responsive\" \/>\n                <\/div>\n<div class=\"col-xs-12 col-md-2 center-xs\">\n<div class=\"timeline-ico-container\">\n<div class=\"tic-line blue\"><\/div>\n<div class=\"tic-ico\"><img decoding=\"async\" src=\"\/wp-content\/themes\/dbx_reflect\/img\/360-ico5.svg\" alt=\"\" class=\"img-responsive\" \/><\/div>\n<\/p><\/div>\n<\/p><\/div>\n<div class=\"col-xs-12 col-md-5\" style=\"justify-content: center; display: flex; flex-direction: column;\">\n<h3 class=\"mb-20\">Beif\u00fcgen von Brosch\u00fcren, Werbegeschenken und Extras<\/h3>\n<p>Vielleicht m\u00f6chten Sie die Sendung mit der Bekleidung Ihrer Marke mit einigen Extras aufwerten \u2013 Brosch\u00fcren, Werbegeschenken oder vielleicht einer T\u00fcte mit duftenden Kr\u00e4utern. Wir erg\u00e4nzen die verpackten Kleidungsst\u00fccke problemlos mit den angegebenen Accessoires und k\u00fcmmern uns um deren Aufmachung nach Ihren Vorgaben.<\/p>\n<\/p><\/div>\n<\/p><\/div>\n<div class=\"row el360\">\n<div class=\"col-xs-12 col-md-5\" style=\"justify-content: center; display: flex; flex-direction: column;\">\n<h3 class=\"mb-20\">Kommissionierung und Verpackung<\/h3>\n<p>Vielleicht m\u00f6chten Sie den Versand mehrerer Waren zu einem Paket zusammenlegen \u2013 zum Beispiel, um ein Fan- oder Weihnachtspaket zu erstellen, indem Sie Reflect-Textilien mit Gadgets und anderen Produkten der Reflect-Gruppe kombinieren. Auch hier k\u00f6nnen Sie unsere Hilfe erwarten.<\/p>\n<\/p><\/div>\n<div class=\"col-xs-12 col-md-2 center-xs\">\n<div class=\"timeline-ico-container\">\n<div class=\"tic-line pink\"><\/div>\n<div class=\"tic-ico\"><img decoding=\"async\" src=\"\/wp-content\/themes\/dbx_reflect\/img\/360-ico6.svg\" alt=\"\" class=\"img-responsive\" \/><\/div>\n<\/p><\/div>\n<\/p><\/div>\n<div class=\"col-xs-12 col-md-5\">\n                  <img decoding=\"async\" src=\"\/wp-content\/themes\/dbx_reflect\/img\/360-img6.jpg\" alt=\"\" class=\"img-responsive\" \/>\n                <\/div>\n<\/p><\/div>\n<div class=\"row el360\">\n<div class=\"col-xs-12 col-md-5\">\n                  <img decoding=\"async\" src=\"\/wp-content\/themes\/dbx_reflect\/img\/360-img7.jpg\" alt=\"\" class=\"img-responsive\" \/>\n                <\/div>\n<div class=\"col-xs-12 col-md-2 center-xs\">\n<div class=\"timeline-ico-container\">\n<div class=\"tic-line yellow\"><\/div>\n<div class=\"tic-ico\"><img decoding=\"async\" src=\"\/wp-content\/themes\/dbx_reflect\/img\/360-ico7.svg\" alt=\"\" class=\"img-responsive\" \/><\/div>\n<\/p><\/div>\n<\/p><\/div>\n<div class=\"col-xs-12 col-md-5\" style=\"justify-content: center; display: flex; flex-direction: column;\">\n<h3 class=\"mb-20\">Verpackung<\/h3>\n<p>Wir verpacken die vorbereiteten Produkte nach Ihren W\u00fcnschen in typische oder speziell f\u00fcr Ihre Marke entworfene und bedruckte Verpackungen. Das ist auch m\u00f6glich!<\/p>\n<\/p><\/div>\n<\/p><\/div>\n<div class=\"row el360\">\n<div class=\"col-xs-12 col-md-5\" style=\"justify-content: center; display: flex; flex-direction: column;\">\n<h3 class=\"mb-20\">Versand<\/h3>\n<p>Wir arbeiten mit zuverl\u00e4ssigen Kurierdiensten zusammen, damit wir Ihr Paket ohne Probleme und \u00dcberraschungen an die angegebene Adresse liefern k\u00f6nnen.<\/p>\n<\/p><\/div>\n<div class=\"col-xs-12 col-md-2 center-xs\">\n<div class=\"timeline-ico-container\">\n<div class=\"tic-line blue\"><\/div>\n<div class=\"tic-ico\"><img decoding=\"async\" src=\"\/wp-content\/themes\/dbx_reflect\/img\/360-ico8.svg\" alt=\"\" class=\"img-responsive\" \/><\/div>\n<\/p><\/div>\n<\/p><\/div>\n<div class=\"col-xs-12 col-md-5\">\n                  <img decoding=\"async\" src=\"\/wp-content\/themes\/dbx_reflect\/img\/360-img8.jpg\" alt=\"\" class=\"img-responsive\" \/>\n                <\/div>\n<\/p><\/div>\n<\/p><\/div>\n<\/p><\/div>\n<\/p><\/div>\n<\/div>\n<p><!--\/.content--><\/p>\n","protected":false},"excerpt":{"rendered":"<p>Startseite &gt; Rundum-Angebot Rundum-Angebot Bestellung und Lieferung von einem Ort aus? Ein einziger Kundenbetreuer und Ansprechpartner? Einheitliche Qualit\u00e4tskontrolle f\u00fcr verschiedene Auftr\u00e4ge und niedrigere Transportpreise durch die Zusammenlegung von Sendungen? Dies sind nur einige der Vorteile daraus, dass wir bei Reflect den gesamten Herstellungsprozess von bedruckten Kleidungsst\u00fccken, vom Entwurf bis zur Verpackung, \u00fcbernehmen und Ihnen alle [&hellip;]<\/p>\n","protected":false},"author":1,"featured_media":200,"parent":0,"menu_order":0,"comment_status":"closed","ping_status":"closed","template":"template-360.php","meta":{"footnotes":""},"class_list":["post-125","page","type-page","status-publish","has-post-thumbnail","hentry"],"yoast_head":"<!-- This site is optimized with the Yoast SEO plugin v27.5 - https:\/\/yoast.com\/product\/yoast-seo-wordpress\/ -->\n<title>Rundum-Angebot - Reflect<\/title>\n<meta name=\"robots\" content=\"index, follow, max-snippet:-1, max-image-preview:large, max-video-preview:-1\" \/>\n<link rel=\"canonical\" href=\"https:\/\/www.reflectprint.eu\/de\/rundum-angebot\/\" \/>\n<meta property=\"og:locale\" content=\"de_DE\" \/>\n<meta property=\"og:type\" content=\"article\" \/>\n<meta property=\"og:title\" content=\"Rundum-Angebot - Reflect\" \/>\n<meta property=\"og:description\" content=\"Startseite &gt; Rundum-Angebot Rundum-Angebot Bestellung und Lieferung von einem Ort aus? Ein einziger Kundenbetreuer und Ansprechpartner? Einheitliche Qualit\u00e4tskontrolle f\u00fcr verschiedene Auftr\u00e4ge und niedrigere Transportpreise durch die Zusammenlegung von Sendungen? Dies sind nur einige der Vorteile daraus, dass wir bei Reflect den gesamten Herstellungsprozess von bedruckten Kleidungsst\u00fccken, vom Entwurf bis zur Verpackung, \u00fcbernehmen und Ihnen alle [&hellip;]\" \/>\n<meta property=\"og:url\" content=\"https:\/\/www.reflectprint.eu\/de\/rundum-angebot\/\" \/>\n<meta property=\"og:site_name\" content=\"Reflect\" \/>\n<meta property=\"article:modified_time\" content=\"2022-12-27T17:27:02+00:00\" \/>\n<meta property=\"og:image\" content=\"https:\/\/www.reflectprint.eu\/wp-content\/uploads\/2022\/12\/360offer.png\" \/>\n\t<meta property=\"og:image:width\" content=\"1320\" \/>\n\t<meta property=\"og:image:height\" content=\"200\" \/>\n\t<meta property=\"og:image:type\" content=\"image\/png\" \/>\n<meta name=\"twitter:card\" content=\"summary_large_image\" \/>\n<script type=\"application\/ld+json\" class=\"yoast-schema-graph\">{\"@context\":\"https:\\\/\\\/schema.org\",\"@graph\":[{\"@type\":\"WebPage\",\"@id\":\"https:\\\/\\\/www.reflectprint.eu\\\/de\\\/rundum-angebot\\\/\",\"url\":\"https:\\\/\\\/www.reflectprint.eu\\\/de\\\/rundum-angebot\\\/\",\"name\":\"Rundum-Angebot - Reflect\",\"isPartOf\":{\"@id\":\"https:\\\/\\\/www.reflectprint.eu\\\/#website\"},\"primaryImageOfPage\":{\"@id\":\"https:\\\/\\\/www.reflectprint.eu\\\/de\\\/rundum-angebot\\\/#primaryimage\"},\"image\":{\"@id\":\"https:\\\/\\\/www.reflectprint.eu\\\/de\\\/rundum-angebot\\\/#primaryimage\"},\"thumbnailUrl\":\"https:\\\/\\\/www.reflectprint.eu\\\/wp-content\\\/uploads\\\/2022\\\/12\\\/360offer.png\",\"datePublished\":\"2022-12-20T21:04:08+00:00\",\"dateModified\":\"2022-12-27T17:27:02+00:00\",\"breadcrumb\":{\"@id\":\"https:\\\/\\\/www.reflectprint.eu\\\/de\\\/rundum-angebot\\\/#breadcrumb\"},\"inLanguage\":\"de\",\"potentialAction\":[{\"@type\":\"ReadAction\",\"target\":[\"https:\\\/\\\/www.reflectprint.eu\\\/de\\\/rundum-angebot\\\/\"]}]},{\"@type\":\"ImageObject\",\"inLanguage\":\"de\",\"@id\":\"https:\\\/\\\/www.reflectprint.eu\\\/de\\\/rundum-angebot\\\/#primaryimage\",\"url\":\"https:\\\/\\\/www.reflectprint.eu\\\/wp-content\\\/uploads\\\/2022\\\/12\\\/360offer.png\",\"contentUrl\":\"https:\\\/\\\/www.reflectprint.eu\\\/wp-content\\\/uploads\\\/2022\\\/12\\\/360offer.png\",\"width\":1320,\"height\":200},{\"@type\":\"BreadcrumbList\",\"@id\":\"https:\\\/\\\/www.reflectprint.eu\\\/de\\\/rundum-angebot\\\/#breadcrumb\",\"itemListElement\":[{\"@type\":\"ListItem\",\"position\":1,\"name\":\"Strona g\u0142\u00f3wna\",\"item\":\"https:\\\/\\\/www.reflectprint.eu\\\/de\\\/\"},{\"@type\":\"ListItem\",\"position\":2,\"name\":\"Rundum-Angebot\"}]},{\"@type\":\"WebSite\",\"@id\":\"https:\\\/\\\/www.reflectprint.eu\\\/#website\",\"url\":\"https:\\\/\\\/www.reflectprint.eu\\\/\",\"name\":\"Reflect\",\"description\":\"\",\"potentialAction\":[{\"@type\":\"SearchAction\",\"target\":{\"@type\":\"EntryPoint\",\"urlTemplate\":\"https:\\\/\\\/www.reflectprint.eu\\\/?s={search_term_string}\"},\"query-input\":{\"@type\":\"PropertyValueSpecification\",\"valueRequired\":true,\"valueName\":\"search_term_string\"}}],\"inLanguage\":\"de\"}]}<\/script>\n<!-- \/ Yoast SEO plugin. -->","yoast_head_json":{"title":"Rundum-Angebot - Reflect","robots":{"index":"index","follow":"follow","max-snippet":"max-snippet:-1","max-image-preview":"max-image-preview:large","max-video-preview":"max-video-preview:-1"},"canonical":"https:\/\/www.reflectprint.eu\/de\/rundum-angebot\/","og_locale":"de_DE","og_type":"article","og_title":"Rundum-Angebot - Reflect","og_description":"Startseite &gt; Rundum-Angebot Rundum-Angebot Bestellung und Lieferung von einem Ort aus? Ein einziger Kundenbetreuer und Ansprechpartner? Einheitliche Qualit\u00e4tskontrolle f\u00fcr verschiedene Auftr\u00e4ge und niedrigere Transportpreise durch die Zusammenlegung von Sendungen? Dies sind nur einige der Vorteile daraus, dass wir bei Reflect den gesamten Herstellungsprozess von bedruckten Kleidungsst\u00fccken, vom Entwurf bis zur Verpackung, \u00fcbernehmen und Ihnen alle [&hellip;]","og_url":"https:\/\/www.reflectprint.eu\/de\/rundum-angebot\/","og_site_name":"Reflect","article_modified_time":"2022-12-27T17:27:02+00:00","og_image":[{"width":1320,"height":200,"url":"https:\/\/www.reflectprint.eu\/wp-content\/uploads\/2022\/12\/360offer.png","type":"image\/png"}],"twitter_card":"summary_large_image","schema":{"@context":"https:\/\/schema.org","@graph":[{"@type":"WebPage","@id":"https:\/\/www.reflectprint.eu\/de\/rundum-angebot\/","url":"https:\/\/www.reflectprint.eu\/de\/rundum-angebot\/","name":"Rundum-Angebot - Reflect","isPartOf":{"@id":"https:\/\/www.reflectprint.eu\/#website"},"primaryImageOfPage":{"@id":"https:\/\/www.reflectprint.eu\/de\/rundum-angebot\/#primaryimage"},"image":{"@id":"https:\/\/www.reflectprint.eu\/de\/rundum-angebot\/#primaryimage"},"thumbnailUrl":"https:\/\/www.reflectprint.eu\/wp-content\/uploads\/2022\/12\/360offer.png","datePublished":"2022-12-20T21:04:08+00:00","dateModified":"2022-12-27T17:27:02+00:00","breadcrumb":{"@id":"https:\/\/www.reflectprint.eu\/de\/rundum-angebot\/#breadcrumb"},"inLanguage":"de","potentialAction":[{"@type":"ReadAction","target":["https:\/\/www.reflectprint.eu\/de\/rundum-angebot\/"]}]},{"@type":"ImageObject","inLanguage":"de","@id":"https:\/\/www.reflectprint.eu\/de\/rundum-angebot\/#primaryimage","url":"https:\/\/www.reflectprint.eu\/wp-content\/uploads\/2022\/12\/360offer.png","contentUrl":"https:\/\/www.reflectprint.eu\/wp-content\/uploads\/2022\/12\/360offer.png","width":1320,"height":200},{"@type":"BreadcrumbList","@id":"https:\/\/www.reflectprint.eu\/de\/rundum-angebot\/#breadcrumb","itemListElement":[{"@type":"ListItem","position":1,"name":"Strona g\u0142\u00f3wna","item":"https:\/\/www.reflectprint.eu\/de\/"},{"@type":"ListItem","position":2,"name":"Rundum-Angebot"}]},{"@type":"WebSite","@id":"https:\/\/www.reflectprint.eu\/#website","url":"https:\/\/www.reflectprint.eu\/","name":"Reflect","description":"","potentialAction":[{"@type":"SearchAction","target":{"@type":"EntryPoint","urlTemplate":"https:\/\/www.reflectprint.eu\/?s={search_term_string}"},"query-input":{"@type":"PropertyValueSpecification","valueRequired":true,"valueName":"search_term_string"}}],"inLanguage":"de"}]}},"_links":{"self":[{"href":"https:\/\/www.reflectprint.eu\/de\/wp-json\/wp\/v2\/pages\/125","targetHints":{"allow":["GET"]}}],"collection":[{"href":"https:\/\/www.reflectprint.eu\/de\/wp-json\/wp\/v2\/pages"}],"about":[{"href":"https:\/\/www.reflectprint.eu\/de\/wp-json\/wp\/v2\/types\/page"}],"author":[{"embeddable":true,"href":"https:\/\/www.reflectprint.eu\/de\/wp-json\/wp\/v2\/users\/1"}],"replies":[{"embeddable":true,"href":"https:\/\/www.reflectprint.eu\/de\/wp-json\/wp\/v2\/comments?post=125"}],"version-history":[{"count":2,"href":"https:\/\/www.reflectprint.eu\/de\/wp-json\/wp\/v2\/pages\/125\/revisions"}],"predecessor-version":[{"id":222,"href":"https:\/\/www.reflectprint.eu\/de\/wp-json\/wp\/v2\/pages\/125\/revisions\/222"}],"wp:featuredmedia":[{"embeddable":true,"href":"https:\/\/www.reflectprint.eu\/de\/wp-json\/wp\/v2\/media\/200"}],"wp:attachment":[{"href":"https:\/\/www.reflectprint.eu\/de\/wp-json\/wp\/v2\/media?parent=125"}],"curies":[{"name":"wp","href":"https:\/\/api.w.org\/{rel}","templated":true}]}}