{"id":129,"date":"2022-12-20T22:06:24","date_gmt":"2022-12-20T21:06:24","guid":{"rendered":"https:\/\/new.reflectprint.eu\/kontakt\/"},"modified":"2022-12-27T18:29:49","modified_gmt":"2022-12-27T17:29:49","slug":"kontakt","status":"publish","type":"page","link":"https:\/\/www.reflectprint.eu\/de\/kontakt\/","title":{"rendered":"Kontakt"},"content":{"rendered":"<div class=\"content page-content\">\n<div class=\"wrap container-fluid\">\n<div class=\"row\">\n<div class=\"col-xs-12\">\n<div class=\"top-img\">\n<div class=\"st-item\">\n\t\t\t\t\t\t<img decoding=\"async\" src=\"\/wp-content\/themes\/dbx_reflect\/img\/contact-top.jpg\" alt=\"\" class=\"img-responsive\" style=\"object-position:right top;\" \/><\/p>\n<div class=\"caption\">\n<ul class=\"breadcrumbs\">\n<li><a href=\"#\">Startesite<\/a><\/li>\n<li>&gt;<\/li>\n<li>Kontakt<\/li>\n<\/ul>\n<h1>Kontakt<\/h1>\n<\/p><\/div>\n<\/p><\/div>\n<\/p><\/div>\n<\/p><\/div>\n<div class=\"col-xs-12\">\n<h2>Vertrieb<\/h2>\n<h5 class=\"mt-30\"><strong>Regionalleiter<\/strong><\/h5>\n<div class=\"middle-contact-grid-parent\">\n<div class=\"middle-contact-grid-item middle-contact-grid-item1 blue\">\n<h5>Frankreich, Belgien, Niederlande, Luxemburg<\/h5>\n<p class=\"mt-20 mb-20\"><strong>Conrad Schwarz<\/strong><\/p>\n<p>\n\t\t\t\t\t\t<img decoding=\"async\" src=\"\/wp-content\/themes\/dbx_reflect\/img\/contact-phone-ico.svg\" alt=\"\" class=\"img-responsive\" \/> <a href=\"tel:+48605081100\">+48 605 08 11 00<\/a><br \/>\n\t\t\t\t\t\t<img decoding=\"async\" src=\"\/wp-content\/themes\/dbx_reflect\/img\/contact-mail-ico.svg\" alt=\"\" class=\"img-responsive\" \/> <a href=\"mailto:c.schwarz@reflectprint.eu\">c.schwarz@reflectprint.eu<\/a>\n\t\t\t\t\t\t<\/p>\n<\/p><\/div>\n<div class=\"middle-contact-grid-item middle-contact-grid-item2 pink\">\n<h5>Deutschland, \u00d6sterreich, Schweiz<\/h5>\n<p class=\"mt-20 mb-20\"><strong>Dawid Borowiak<\/strong><\/p>\n<p>\n\t\t\t\t\t\t<img decoding=\"async\" src=\"\/wp-content\/themes\/dbx_reflect\/img\/contact-phone-ico.svg\" alt=\"\" class=\"img-responsive\" \/> <a href=\"tel:+48605047040\">+48 605 04 70 40<\/a><br \/>\n\t\t\t\t\t\t<img decoding=\"async\" src=\"\/wp-content\/themes\/dbx_reflect\/img\/contact-mail-ico.svg\" alt=\"\" class=\"img-responsive\" \/> <a href=\"mailto:d.borowiak@reflectprint.eu\">d.borowiak@reflectprint.eu<\/a>\n\t\t\t\t\t\t<\/p>\n<\/p><\/div>\n<\/p><\/div>\n<h5 class=\"mt-30\"><strong>Andere L\u00e4nder<\/strong><\/h5>\n<div class=\"middle-contact-grid-parent\">\n<div class=\"middle-contact-grid-item middle-contact-grid-item1 yellow bg-gray\">\n<p><strong>Conrad Schwarz<\/strong><\/p>\n<p>\n\t\t\t\t\t\t<img decoding=\"async\" src=\"\/wp-content\/themes\/dbx_reflect\/img\/contact-phone-ico.svg\" alt=\"\" class=\"img-responsive\" \/> <a href=\"tel:+48605081100\">+48 605 08 11 00<\/a><br \/>\n\t\t\t\t\t\t<img decoding=\"async\" src=\"\/wp-content\/themes\/dbx_reflect\/img\/contact-mail-ico.svg\" alt=\"\" class=\"img-responsive\" \/> <a href=\"mailto:c.schwarz@reflectprint.eu\">c.schwarz@reflectprint.eu<\/a>\n\t\t\t\t\t\t<\/p>\n<p class=\"mt-20\">\n\t\t\t\t\t\t<span data-tooltip=\"English\"><img decoding=\"async\" src=\"\/wp-content\/themes\/dbx_reflect\/img\/circle-flags_uk.svg\" alt=\"\" class=\"img-responsive\" \/><\/span><br \/>\n\t\t\t\t\t\t<span data-tooltip=\"French\"><img decoding=\"async\" src=\"\/wp-content\/themes\/dbx_reflect\/img\/circle-flags_fr.svg\" alt=\"\" class=\"img-responsive\" \/><\/span><br \/>\n\t\t\t\t\t\t<span data-tooltip=\"Italian\"><img decoding=\"async\" src=\"\/wp-content\/themes\/dbx_reflect\/img\/circle-flags_it.svg\" alt=\"\" class=\"img-responsive\" \/><\/span>\n\t\t\t\t\t\t<\/p>\n<\/p><\/div>\n<div class=\"middle-contact-grid-item middle-contact-grid-item2 yellow bg-gray2\">\n<p><strong>Dawid Borowiak<\/strong><\/p>\n<p>\n\t\t\t\t\t\t<img decoding=\"async\" src=\"\/wp-content\/themes\/dbx_reflect\/img\/contact-phone-ico.svg\" alt=\"\" class=\"img-responsive\" \/> <a href=\"tel:+48605047040\">+48 605 04 70 40<\/a><br \/>\n\t\t\t\t\t\t<img decoding=\"async\" src=\"\/wp-content\/themes\/dbx_reflect\/img\/contact-mail-ico.svg\" alt=\"\" class=\"img-responsive\" \/> <a href=\"mailto:d.borowiak@reflectprint.eu\">d.borowiak@reflectprint.eu<\/a>\n\t\t\t\t\t\t<\/p>\n<p class=\"mt-20\">\n\t\t\t\t\t\t<span data-tooltip=\"English\"><img decoding=\"async\" src=\"\/wp-content\/themes\/dbx_reflect\/img\/circle-flags_uk.svg\" alt=\"\" class=\"img-responsive\" \/><\/span><br \/>\n\t\t\t\t\t\t<span data-tooltip=\"German\"><img decoding=\"async\" src=\"\/wp-content\/themes\/dbx_reflect\/img\/circle-flags_de.svg\" alt=\"\" class=\"img-responsive\" \/><\/span>\n\t\t\t\t\t\t<\/p>\n<\/p><\/div>\n<\/p><\/div>\n<h2 class=\"mt-50\">Unternehmen<\/h2>\n<div class=\"bottom-contact-grid-parent\">\n<div class=\"bottom-contact-grid-item bottom-contact-grid-item1\">\n<p><strong>B\u00fcros<\/strong><\/p>\n<p>Adresse:<br \/>ul. Pi\u0105tkowska 163,<br \/>Pozna\u0144 60-650, Polen<\/p>\n<p><img decoding=\"async\" src=\"\/wp-content\/themes\/dbx_reflect\/img\/contact-mail-ico.svg\" alt=\"\" class=\"img-responsive\" \/> <a href=\"mailto:info@reflectprint.eu\">info@reflectprint.eu<\/a><\/p>\n<\/p><\/div>\n<div class=\"bottom-contact-grid-item bottom-contact-grid-item2\">\n<p><strong>Produktion<\/strong><\/p>\n<p>Adresse:<br \/>ul. Naramowicka 266C, <br \/>Pozna\u0144 61-601, Polen<\/p>\n<p><img decoding=\"async\" src=\"\/wp-content\/themes\/dbx_reflect\/img\/contact-mail-ico.svg\" alt=\"\" class=\"img-responsive\" \/> <a href=\"mailto:info@reflectprint.eu\">info@reflectprint.eu<\/a><\/p>\n<\/p><\/div>\n<div class=\"bottom-contact-grid-item bottom-contact-grid-item3\">\n<p><strong>\u00d6ffnungszeiten<\/strong><\/p>\n<p>Unser B\u00fcro ist an Werktagen von 8:00 bis 16:00 Uhr ge\u00f6ffnet.<\/p>\n<p>Paketabholung:<br \/>werktags 7:00 &#8211; 20:00<\/p>\n<\/p><\/div>\n<div class=\"bottom-contact-grid-item bottom-contact-grid-item4\">\n<p><strong>Unternehmensdaten<\/strong><\/p>\n<p>UST-IDNR.: PL9721087042<\/p>\n<p>REGON: 300258769<\/p>\n<\/p><\/div>\n<\/p><\/div>\n<\/p><\/div>\n<\/p><\/div>\n<\/p><\/div>\n<\/div>\n<p><!--\/.content--><\/p>\n","protected":false},"excerpt":{"rendered":"<p>Startesite &gt; Kontakt Kontakt Vertrieb Regionalleiter Frankreich, Belgien, Niederlande, Luxemburg Conrad Schwarz +48 605 08 11 00 c.schwarz@reflectprint.eu Deutschland, \u00d6sterreich, Schweiz Dawid Borowiak +48 605 04 70 40 d.borowiak@reflectprint.eu Andere L\u00e4nder Conrad Schwarz +48 605 08 11 00 c.schwarz@reflectprint.eu Dawid Borowiak +48 605 04 70 40 d.borowiak@reflectprint.eu Unternehmen B\u00fcros Adresse:ul. Pi\u0105tkowska 163,Pozna\u0144 60-650, Polen info@reflectprint.eu [&hellip;]<\/p>\n","protected":false},"author":1,"featured_media":0,"parent":0,"menu_order":0,"comment_status":"closed","ping_status":"closed","template":"template-kontakt.php","meta":{"footnotes":""},"class_list":["post-129","page","type-page","status-publish","hentry"],"yoast_head":"<!-- This site is optimized with the Yoast SEO plugin v27.5 - https:\/\/yoast.com\/product\/yoast-seo-wordpress\/ -->\n<title>Kontakt - Reflect<\/title>\n<meta name=\"robots\" content=\"index, follow, max-snippet:-1, max-image-preview:large, max-video-preview:-1\" \/>\n<link rel=\"canonical\" href=\"https:\/\/www.reflectprint.eu\/de\/kontakt\/\" \/>\n<meta property=\"og:locale\" content=\"de_DE\" \/>\n<meta property=\"og:type\" content=\"article\" \/>\n<meta property=\"og:title\" content=\"Kontakt - Reflect\" \/>\n<meta property=\"og:description\" content=\"Startesite &gt; Kontakt Kontakt Vertrieb Regionalleiter Frankreich, Belgien, Niederlande, Luxemburg Conrad Schwarz +48 605 08 11 00 c.schwarz@reflectprint.eu Deutschland, \u00d6sterreich, Schweiz Dawid Borowiak +48 605 04 70 40 d.borowiak@reflectprint.eu Andere L\u00e4nder Conrad Schwarz +48 605 08 11 00 c.schwarz@reflectprint.eu Dawid Borowiak +48 605 04 70 40 d.borowiak@reflectprint.eu Unternehmen B\u00fcros Adresse:ul. Pi\u0105tkowska 163,Pozna\u0144 60-650, Polen info@reflectprint.eu [&hellip;]\" \/>\n<meta property=\"og:url\" content=\"https:\/\/www.reflectprint.eu\/de\/kontakt\/\" \/>\n<meta property=\"og:site_name\" content=\"Reflect\" \/>\n<meta property=\"article:modified_time\" content=\"2022-12-27T17:29:49+00:00\" \/>\n<meta name=\"twitter:card\" content=\"summary_large_image\" \/>\n<script type=\"application\/ld+json\" class=\"yoast-schema-graph\">{\"@context\":\"https:\\\/\\\/schema.org\",\"@graph\":[{\"@type\":\"WebPage\",\"@id\":\"https:\\\/\\\/www.reflectprint.eu\\\/de\\\/kontakt\\\/\",\"url\":\"https:\\\/\\\/www.reflectprint.eu\\\/de\\\/kontakt\\\/\",\"name\":\"Kontakt - Reflect\",\"isPartOf\":{\"@id\":\"https:\\\/\\\/www.reflectprint.eu\\\/#website\"},\"datePublished\":\"2022-12-20T21:06:24+00:00\",\"dateModified\":\"2022-12-27T17:29:49+00:00\",\"breadcrumb\":{\"@id\":\"https:\\\/\\\/www.reflectprint.eu\\\/de\\\/kontakt\\\/#breadcrumb\"},\"inLanguage\":\"de\",\"potentialAction\":[{\"@type\":\"ReadAction\",\"target\":[\"https:\\\/\\\/www.reflectprint.eu\\\/de\\\/kontakt\\\/\"]}]},{\"@type\":\"BreadcrumbList\",\"@id\":\"https:\\\/\\\/www.reflectprint.eu\\\/de\\\/kontakt\\\/#breadcrumb\",\"itemListElement\":[{\"@type\":\"ListItem\",\"position\":1,\"name\":\"Strona g\u0142\u00f3wna\",\"item\":\"https:\\\/\\\/www.reflectprint.eu\\\/de\\\/\"},{\"@type\":\"ListItem\",\"position\":2,\"name\":\"Kontakt\"}]},{\"@type\":\"WebSite\",\"@id\":\"https:\\\/\\\/www.reflectprint.eu\\\/#website\",\"url\":\"https:\\\/\\\/www.reflectprint.eu\\\/\",\"name\":\"Reflect\",\"description\":\"\",\"potentialAction\":[{\"@type\":\"SearchAction\",\"target\":{\"@type\":\"EntryPoint\",\"urlTemplate\":\"https:\\\/\\\/www.reflectprint.eu\\\/?s={search_term_string}\"},\"query-input\":{\"@type\":\"PropertyValueSpecification\",\"valueRequired\":true,\"valueName\":\"search_term_string\"}}],\"inLanguage\":\"de\"}]}<\/script>\n<!-- \/ Yoast SEO plugin. -->","yoast_head_json":{"title":"Kontakt - Reflect","robots":{"index":"index","follow":"follow","max-snippet":"max-snippet:-1","max-image-preview":"max-image-preview:large","max-video-preview":"max-video-preview:-1"},"canonical":"https:\/\/www.reflectprint.eu\/de\/kontakt\/","og_locale":"de_DE","og_type":"article","og_title":"Kontakt - Reflect","og_description":"Startesite &gt; Kontakt Kontakt Vertrieb Regionalleiter Frankreich, Belgien, Niederlande, Luxemburg Conrad Schwarz +48 605 08 11 00 c.schwarz@reflectprint.eu Deutschland, \u00d6sterreich, Schweiz Dawid Borowiak +48 605 04 70 40 d.borowiak@reflectprint.eu Andere L\u00e4nder Conrad Schwarz +48 605 08 11 00 c.schwarz@reflectprint.eu Dawid Borowiak +48 605 04 70 40 d.borowiak@reflectprint.eu Unternehmen B\u00fcros Adresse:ul. Pi\u0105tkowska 163,Pozna\u0144 60-650, Polen info@reflectprint.eu [&hellip;]","og_url":"https:\/\/www.reflectprint.eu\/de\/kontakt\/","og_site_name":"Reflect","article_modified_time":"2022-12-27T17:29:49+00:00","twitter_card":"summary_large_image","schema":{"@context":"https:\/\/schema.org","@graph":[{"@type":"WebPage","@id":"https:\/\/www.reflectprint.eu\/de\/kontakt\/","url":"https:\/\/www.reflectprint.eu\/de\/kontakt\/","name":"Kontakt - Reflect","isPartOf":{"@id":"https:\/\/www.reflectprint.eu\/#website"},"datePublished":"2022-12-20T21:06:24+00:00","dateModified":"2022-12-27T17:29:49+00:00","breadcrumb":{"@id":"https:\/\/www.reflectprint.eu\/de\/kontakt\/#breadcrumb"},"inLanguage":"de","potentialAction":[{"@type":"ReadAction","target":["https:\/\/www.reflectprint.eu\/de\/kontakt\/"]}]},{"@type":"BreadcrumbList","@id":"https:\/\/www.reflectprint.eu\/de\/kontakt\/#breadcrumb","itemListElement":[{"@type":"ListItem","position":1,"name":"Strona g\u0142\u00f3wna","item":"https:\/\/www.reflectprint.eu\/de\/"},{"@type":"ListItem","position":2,"name":"Kontakt"}]},{"@type":"WebSite","@id":"https:\/\/www.reflectprint.eu\/#website","url":"https:\/\/www.reflectprint.eu\/","name":"Reflect","description":"","potentialAction":[{"@type":"SearchAction","target":{"@type":"EntryPoint","urlTemplate":"https:\/\/www.reflectprint.eu\/?s={search_term_string}"},"query-input":{"@type":"PropertyValueSpecification","valueRequired":true,"valueName":"search_term_string"}}],"inLanguage":"de"}]}},"_links":{"self":[{"href":"https:\/\/www.reflectprint.eu\/de\/wp-json\/wp\/v2\/pages\/129","targetHints":{"allow":["GET"]}}],"collection":[{"href":"https:\/\/www.reflectprint.eu\/de\/wp-json\/wp\/v2\/pages"}],"about":[{"href":"https:\/\/www.reflectprint.eu\/de\/wp-json\/wp\/v2\/types\/page"}],"author":[{"embeddable":true,"href":"https:\/\/www.reflectprint.eu\/de\/wp-json\/wp\/v2\/users\/1"}],"replies":[{"embeddable":true,"href":"https:\/\/www.reflectprint.eu\/de\/wp-json\/wp\/v2\/comments?post=129"}],"version-history":[{"count":1,"href":"https:\/\/www.reflectprint.eu\/de\/wp-json\/wp\/v2\/pages\/129\/revisions"}],"predecessor-version":[{"id":226,"href":"https:\/\/www.reflectprint.eu\/de\/wp-json\/wp\/v2\/pages\/129\/revisions\/226"}],"wp:attachment":[{"href":"https:\/\/www.reflectprint.eu\/de\/wp-json\/wp\/v2\/media?parent=129"}],"curies":[{"name":"wp","href":"https:\/\/api.w.org\/{rel}","templated":true}]}}