{"id":167,"date":"2022-12-24T00:01:34","date_gmt":"2022-12-23T23:01:34","guid":{"rendered":"https:\/\/new.reflectprint.eu\/datenschutzbestimmungen\/"},"modified":"2022-12-27T16:15:37","modified_gmt":"2022-12-27T15:15:37","slug":"datenschutzbestimmungen","status":"publish","type":"page","link":"https:\/\/www.reflectprint.eu\/de\/datenschutzbestimmungen\/","title":{"rendered":"Datenschutzbestimmungen"},"content":{"rendered":"\n<ol class=\"wp-block-list\">\n<li>Unsere Druckerei gew\u00e4hrleistet die Sicherheit und Vertraulichkeit der erhaltenen pers\u00f6nlichen Daten. Alle Mitarbeiter unserer Druckerei sind im Umgang mit personenbezogenen Daten geschult.<\/li>\n\n\n\n<li>Der Verwalter der pers\u00f6nlichen Daten ist: Reflect Group Szymon Frieske mit Sitz in Pozna\u0144, Naramowicka-Stra\u00dfe 266 C, auf der Grundlage der Eintragung in das vom Pr\u00e4sidenten der Stadt Pozna\u0144 gef\u00fchrte Wirtschaftsregister unter NIP: 972-108-70-42, REGON: 300258769, Bankkonto-Nr: 25 1140 2004 0000 3802 4162 5357 (Bank: mBank).<\/li>\n\n\n\n<li>Wir erheben in unserer Druckerei die folgenden personenbezogenen Daten:<br>\r\na) Name\/Firmenname\/Kontaktdaten &#8211; wenn Sie ein Angebot oder eine Bestellung anfordern, werden Sie nach Ihrem Namen\/Firmennamen\/Kontaktdaten gefragt, damit wir Ihnen ein Angebot oder eine Bestellung an die richtige Adresse schicken k\u00f6nnen und damit wir uns mit Ihnen in Verbindung setzen k\u00f6nnen, falls dies erforderlich ist &#8211; zum Beispiel, um die Einzelheiten Ihrer Anfrage zu kl\u00e4ren.<br>\r\nb) Gesch\u00e4ftsadresse &#8211; wir ben\u00f6tigen diese Adresse, um das bestellte Produkt zu versenden.<br>\r\nc) Telefonnummer &#8211; wir rufen Sie manchmal an, um Einzelheiten Ihrer Anfrage oder Bestellung zu erfragen oder zu best\u00e4tigen oder um Ihnen zus\u00e4tzliche Optionen anzubieten.<br>\r\nd) E-Mail-Adresse &#8211; an diese Adresse senden wir Ihnen ein Angebot oder eine Auftragsbest\u00e4tigung und stellen Ihnen ggf. weitere Fragen oder geben Ihnen zus\u00e4tzliche Informationen zu Ihrer Anfrage oder Ihrem Auftrag.<br>\r\ne) IP-Adresse &#8211; Informationen, die sich aus den allgemeinen Regeln der Internetverbindungen ergeben, wie z.B. die IP-Adresse (und andere in den Systemprotokollen enthaltene Informationen), werden vom Administrator unserer Druckerei f\u00fcr technische Zwecke verwendet. IP-Adressen k\u00f6nnen auch f\u00fcr statistische Zwecke verwendet werden, um allgemeine demografische Informationen zu sammeln (z. B. \u00fcber die Region, aus der die Verbindung hergestellt wird).<br>\r\nf) Cookies &#8211; unsere Druckerei verwendet die Cookie-Technologie, um die Funktionsweise unseres Dienstes an Ihre individuellen Bed\u00fcrfnisse anzupassen. Sie k\u00f6nnen sich damit einverstanden erkl\u00e4ren, dass die von Ihnen eingegebenen Daten gespeichert werden, damit Sie sie bei Ihrem n\u00e4chsten Besuch auf unserer Website verwenden k\u00f6nnen, ohne sie erneut eingeben zu m\u00fcssen. Wir garantieren, dass die Eigent\u00fcmer anderer Websites keinen Zugang zu diesen Daten haben werden. Wenn Sie jedoch mit dieser Art der Personalisierung nicht einverstanden sind, empfehlen wir Ihnen, Cookies in den Optionen Ihres Browsers zu deaktivieren.<\/li>\n\n\n\n<li>Die Bereitstellung der oben genannten Daten ist in den folgenden F\u00e4llen erforderlich:<br>\r\na) Senden einer Angebotsanfrage unter Verwendung des Angebotsanfrageformulars auf dieser Website<br>\r\nb) eine Bestellung in unserer Druckerei aufgeben.<\/li>\n\n\n\n<li>Jeder Kunde unserer Druckerei kann w\u00e4hlen, ob und in welchem Umfang er unsere Dienste nutzen und Informationen \u00fcber sich weitergeben m\u00f6chte. Wenn Sie aus irgendeinem Grund nicht w\u00fcnschen, dass Ihre pers\u00f6nlichen Daten weitergegeben werden, haben Sie das Recht, dass diese von unserer Druckerei gel\u00f6scht oder nicht verwendet werden.<\/li>\n\n\n\n<li>Wir geben keine Daten an Dritte weiter. Wir speichern auch keine sensiblen Daten wie Ihre Kreditkartennummer oder Kontonummer.<\/li>\n\n\n\n<li>Wenn Sie Ihre personenbezogenen Daten korrigieren, erg\u00e4nzen, aktualisieren, berichtigen oder deren L\u00f6schung beantragen m\u00f6chten, senden Sie bitte eine E-Mail an: admin@reflect.pl<\/li>\n<\/ol>\n","protected":false},"excerpt":{"rendered":"","protected":false},"author":1,"featured_media":196,"parent":0,"menu_order":0,"comment_status":"closed","ping_status":"closed","template":"template-page.php","meta":{"footnotes":""},"class_list":["post-167","page","type-page","status-publish","has-post-thumbnail","hentry"],"yoast_head":"<!-- This site is optimized with the Yoast SEO plugin v27.5 - https:\/\/yoast.com\/product\/yoast-seo-wordpress\/ -->\n<title>Datenschutzbestimmungen - Reflect<\/title>\n<meta name=\"robots\" content=\"index, follow, max-snippet:-1, max-image-preview:large, max-video-preview:-1\" \/>\n<link rel=\"canonical\" href=\"https:\/\/www.reflectprint.eu\/de\/datenschutzbestimmungen\/\" \/>\n<meta property=\"og:locale\" content=\"de_DE\" \/>\n<meta property=\"og:type\" content=\"article\" \/>\n<meta property=\"og:title\" content=\"Datenschutzbestimmungen - Reflect\" \/>\n<meta property=\"og:url\" content=\"https:\/\/www.reflectprint.eu\/de\/datenschutzbestimmungen\/\" \/>\n<meta property=\"og:site_name\" content=\"Reflect\" \/>\n<meta property=\"article:modified_time\" content=\"2022-12-27T15:15:37+00:00\" \/>\n<meta property=\"og:image\" content=\"https:\/\/www.reflectprint.eu\/wp-content\/uploads\/2022\/12\/reflect-img.png\" \/>\n\t<meta property=\"og:image:width\" content=\"1400\" \/>\n\t<meta property=\"og:image:height\" content=\"200\" \/>\n\t<meta property=\"og:image:type\" content=\"image\/png\" \/>\n<meta name=\"twitter:card\" content=\"summary_large_image\" \/>\n<meta name=\"twitter:label1\" content=\"Gesch\u00e4tzte Lesezeit\" \/>\n\t<meta name=\"twitter:data1\" content=\"2\u00a0Minuten\" \/>\n<script type=\"application\/ld+json\" class=\"yoast-schema-graph\">{\"@context\":\"https:\\\/\\\/schema.org\",\"@graph\":[{\"@type\":\"WebPage\",\"@id\":\"https:\\\/\\\/www.reflectprint.eu\\\/de\\\/datenschutzbestimmungen\\\/\",\"url\":\"https:\\\/\\\/www.reflectprint.eu\\\/de\\\/datenschutzbestimmungen\\\/\",\"name\":\"Datenschutzbestimmungen - Reflect\",\"isPartOf\":{\"@id\":\"https:\\\/\\\/www.reflectprint.eu\\\/#website\"},\"primaryImageOfPage\":{\"@id\":\"https:\\\/\\\/www.reflectprint.eu\\\/de\\\/datenschutzbestimmungen\\\/#primaryimage\"},\"image\":{\"@id\":\"https:\\\/\\\/www.reflectprint.eu\\\/de\\\/datenschutzbestimmungen\\\/#primaryimage\"},\"thumbnailUrl\":\"https:\\\/\\\/www.reflectprint.eu\\\/wp-content\\\/uploads\\\/2022\\\/12\\\/reflect-img.png\",\"datePublished\":\"2022-12-23T23:01:34+00:00\",\"dateModified\":\"2022-12-27T15:15:37+00:00\",\"breadcrumb\":{\"@id\":\"https:\\\/\\\/www.reflectprint.eu\\\/de\\\/datenschutzbestimmungen\\\/#breadcrumb\"},\"inLanguage\":\"de\",\"potentialAction\":[{\"@type\":\"ReadAction\",\"target\":[\"https:\\\/\\\/www.reflectprint.eu\\\/de\\\/datenschutzbestimmungen\\\/\"]}]},{\"@type\":\"ImageObject\",\"inLanguage\":\"de\",\"@id\":\"https:\\\/\\\/www.reflectprint.eu\\\/de\\\/datenschutzbestimmungen\\\/#primaryimage\",\"url\":\"https:\\\/\\\/www.reflectprint.eu\\\/wp-content\\\/uploads\\\/2022\\\/12\\\/reflect-img.png\",\"contentUrl\":\"https:\\\/\\\/www.reflectprint.eu\\\/wp-content\\\/uploads\\\/2022\\\/12\\\/reflect-img.png\",\"width\":1400,\"height\":200},{\"@type\":\"BreadcrumbList\",\"@id\":\"https:\\\/\\\/www.reflectprint.eu\\\/de\\\/datenschutzbestimmungen\\\/#breadcrumb\",\"itemListElement\":[{\"@type\":\"ListItem\",\"position\":1,\"name\":\"Strona g\u0142\u00f3wna\",\"item\":\"https:\\\/\\\/www.reflectprint.eu\\\/de\\\/\"},{\"@type\":\"ListItem\",\"position\":2,\"name\":\"Datenschutzbestimmungen\"}]},{\"@type\":\"WebSite\",\"@id\":\"https:\\\/\\\/www.reflectprint.eu\\\/#website\",\"url\":\"https:\\\/\\\/www.reflectprint.eu\\\/\",\"name\":\"Reflect\",\"description\":\"\",\"potentialAction\":[{\"@type\":\"SearchAction\",\"target\":{\"@type\":\"EntryPoint\",\"urlTemplate\":\"https:\\\/\\\/www.reflectprint.eu\\\/?s={search_term_string}\"},\"query-input\":{\"@type\":\"PropertyValueSpecification\",\"valueRequired\":true,\"valueName\":\"search_term_string\"}}],\"inLanguage\":\"de\"}]}<\/script>\n<!-- \/ Yoast SEO plugin. -->","yoast_head_json":{"title":"Datenschutzbestimmungen - Reflect","robots":{"index":"index","follow":"follow","max-snippet":"max-snippet:-1","max-image-preview":"max-image-preview:large","max-video-preview":"max-video-preview:-1"},"canonical":"https:\/\/www.reflectprint.eu\/de\/datenschutzbestimmungen\/","og_locale":"de_DE","og_type":"article","og_title":"Datenschutzbestimmungen - Reflect","og_url":"https:\/\/www.reflectprint.eu\/de\/datenschutzbestimmungen\/","og_site_name":"Reflect","article_modified_time":"2022-12-27T15:15:37+00:00","og_image":[{"width":1400,"height":200,"url":"https:\/\/www.reflectprint.eu\/wp-content\/uploads\/2022\/12\/reflect-img.png","type":"image\/png"}],"twitter_card":"summary_large_image","twitter_misc":{"Gesch\u00e4tzte Lesezeit":"2\u00a0Minuten"},"schema":{"@context":"https:\/\/schema.org","@graph":[{"@type":"WebPage","@id":"https:\/\/www.reflectprint.eu\/de\/datenschutzbestimmungen\/","url":"https:\/\/www.reflectprint.eu\/de\/datenschutzbestimmungen\/","name":"Datenschutzbestimmungen - Reflect","isPartOf":{"@id":"https:\/\/www.reflectprint.eu\/#website"},"primaryImageOfPage":{"@id":"https:\/\/www.reflectprint.eu\/de\/datenschutzbestimmungen\/#primaryimage"},"image":{"@id":"https:\/\/www.reflectprint.eu\/de\/datenschutzbestimmungen\/#primaryimage"},"thumbnailUrl":"https:\/\/www.reflectprint.eu\/wp-content\/uploads\/2022\/12\/reflect-img.png","datePublished":"2022-12-23T23:01:34+00:00","dateModified":"2022-12-27T15:15:37+00:00","breadcrumb":{"@id":"https:\/\/www.reflectprint.eu\/de\/datenschutzbestimmungen\/#breadcrumb"},"inLanguage":"de","potentialAction":[{"@type":"ReadAction","target":["https:\/\/www.reflectprint.eu\/de\/datenschutzbestimmungen\/"]}]},{"@type":"ImageObject","inLanguage":"de","@id":"https:\/\/www.reflectprint.eu\/de\/datenschutzbestimmungen\/#primaryimage","url":"https:\/\/www.reflectprint.eu\/wp-content\/uploads\/2022\/12\/reflect-img.png","contentUrl":"https:\/\/www.reflectprint.eu\/wp-content\/uploads\/2022\/12\/reflect-img.png","width":1400,"height":200},{"@type":"BreadcrumbList","@id":"https:\/\/www.reflectprint.eu\/de\/datenschutzbestimmungen\/#breadcrumb","itemListElement":[{"@type":"ListItem","position":1,"name":"Strona g\u0142\u00f3wna","item":"https:\/\/www.reflectprint.eu\/de\/"},{"@type":"ListItem","position":2,"name":"Datenschutzbestimmungen"}]},{"@type":"WebSite","@id":"https:\/\/www.reflectprint.eu\/#website","url":"https:\/\/www.reflectprint.eu\/","name":"Reflect","description":"","potentialAction":[{"@type":"SearchAction","target":{"@type":"EntryPoint","urlTemplate":"https:\/\/www.reflectprint.eu\/?s={search_term_string}"},"query-input":{"@type":"PropertyValueSpecification","valueRequired":true,"valueName":"search_term_string"}}],"inLanguage":"de"}]}},"_links":{"self":[{"href":"https:\/\/www.reflectprint.eu\/de\/wp-json\/wp\/v2\/pages\/167","targetHints":{"allow":["GET"]}}],"collection":[{"href":"https:\/\/www.reflectprint.eu\/de\/wp-json\/wp\/v2\/pages"}],"about":[{"href":"https:\/\/www.reflectprint.eu\/de\/wp-json\/wp\/v2\/types\/page"}],"author":[{"embeddable":true,"href":"https:\/\/www.reflectprint.eu\/de\/wp-json\/wp\/v2\/users\/1"}],"replies":[{"embeddable":true,"href":"https:\/\/www.reflectprint.eu\/de\/wp-json\/wp\/v2\/comments?post=167"}],"version-history":[{"count":2,"href":"https:\/\/www.reflectprint.eu\/de\/wp-json\/wp\/v2\/pages\/167\/revisions"}],"predecessor-version":[{"id":204,"href":"https:\/\/www.reflectprint.eu\/de\/wp-json\/wp\/v2\/pages\/167\/revisions\/204"}],"wp:featuredmedia":[{"embeddable":true,"href":"https:\/\/www.reflectprint.eu\/de\/wp-json\/wp\/v2\/media\/196"}],"wp:attachment":[{"href":"https:\/\/www.reflectprint.eu\/de\/wp-json\/wp\/v2\/media?parent=167"}],"curies":[{"name":"wp","href":"https:\/\/api.w.org\/{rel}","templated":true}]}}