{"id":176,"date":"2022-12-27T12:57:54","date_gmt":"2022-12-27T11:57:54","guid":{"rendered":"https:\/\/new.reflectprint.eu\/naehen\/"},"modified":"2022-12-27T18:35:27","modified_gmt":"2022-12-27T17:35:27","slug":"naehen","status":"publish","type":"page","link":"https:\/\/www.reflectprint.eu\/de\/naehen\/","title":{"rendered":"N\u00e4hen"},"content":{"rendered":"<div class=\"content page-content\">\n<div class=\"wrap container-fluid\">\n<div class=\"row\">\n<div class=\"col-xs-12\">\n<div class=\"top-img\">\n<div class=\"st-item\">\n\t\t\t\t\t\t<img decoding=\"async\" src=\"\/wp-content\/themes\/dbx_reflect\/img\/slide.png\" alt=\"\" class=\"img-responsive\" \/><\/p>\n<div class=\"caption\">\n<ul class=\"breadcrumbs\">\n<li><a href=\"#\">Satrtesite<\/a><\/li>\n<li>&gt;<\/li>\n<li>N\u00e4hen<\/li>\n<\/ul>\n<h1>N\u00e4hen<\/h1>\n<\/p><\/div>\n<\/p><\/div>\n<\/p><\/div>\n<p class=\"mb-50\">Wenn Sie einzigartige Bekleidungsdesigns entwerfen oder aus Stoffen n\u00e4hen m\u00f6chten, auf die Ihre Marke setzt, haben wir ein Angebot f\u00fcr eine umfassende Unterst\u00fctzung in diesem Bereich.<\/p>\n<\/p><\/div>\n<div class=\"col-xs-12\">\n<div class=\"row el360 middle-xs\">\n<div class=\"col-xs-12 col-md-6\">\n                  <img decoding=\"async\" src=\"\/wp-content\/themes\/dbx_reflect\/img\/sewing-img1.jpg\" alt=\"\" class=\"img-responsive\" \/>\n                <\/div>\n<div class=\"col-xs-12 col-md-6\">\n<div class=\"padding-box\">\n<h3 class=\"mb-20\">Entwerfen<\/h3>\n<p>Wir erstellen Schablonen, bereiten die Zuschnitte f\u00fcr Ihre Kollektion vor und f\u00fchren bei Bedarf den Sublimationsdruck vor dem N\u00e4hen durch. Wir schlagen Ihnen Stoffe aus unserer Schnittmusterwerkstatt vor oder nutzen Ihre Stoffe im Projekt.<\/p>\n<p>\t\t\t\t  <a href=\"#wpcf7-f135-o1\" class=\"btn btn-primary ask-for-offer mt-30\" data-title=\"Entwerfen\">Fordern Sie ein Angebot an<\/a>\n\t\t\t\t  <\/div>\n<\/p><\/div>\n<\/p><\/div>\n<p><\/p>\n<div class=\"row el360 middle-xs\">\n<div class=\"col-xs-12 col-md-6\">\n<div class=\"padding-box\">\n<h3 class=\"mb-20\">N\u00e4hen<\/h3>\n<p>Wir werden Ihr Projekt mit modernen Maschinen n\u00e4hen, die eine pr\u00e4zise Ausf\u00fchrung garantieren. Wir bieten N\u00e4hen mit: Autolap, 5- und 3-Faden-Overlock, Zwillingsnadel und anderen Maschinen. Und weil dies unsere erfahrenen N\u00e4herinnen tun, wird Ihre Kleidung perfekt sein.<\/p>\n<p>\t\t\t\t  <a href=\"#wpcf7-f135-o1\" class=\"btn btn-primary ask-for-offer mt-30\" data-title=\"N\u00e4hen\">Fordern Sie ein Angebot an<\/a>\n\t\t\t\t  <\/div>\n<\/p><\/div>\n<div class=\"col-xs-12 col-md-6\">\n                  <img decoding=\"async\" src=\"\/wp-content\/themes\/dbx_reflect\/img\/sewing-img2.jpg\" alt=\"\" class=\"img-responsive\" \/>\n                <\/div>\n<\/p><\/div>\n<p><\/p>\n<div class=\"row el360\">\n<div class=\"col-xs-12 col-md-6\">\n<h4>Vorteile des N\u00e4hens:<\/h4>\n<ul class=\"checklist\">\n<li>Einzigartiges kundenspezifisches Design<\/li>\n<li>Individuelles N\u00e4hen nach Vorgabe \u2013 individuelle Zuschnitte f\u00fcr Gro\u00dfauflagen \u2013 ab 100 St\u00fcck pro Schnittmuster und 50 St\u00fcck pro Gr\u00f6\u00dfe<\/li>\n<li>Dies erm\u00f6glicht den vollen Einfluss auf die Auswahl der Stoffqualit\u00e4t<\/li>\n<li>Aufdrucke auf Schnittmustern m\u00f6glich &#8211; verbesserte Aufbringungsm\u00f6glichkeiten, auch an schwer zug\u00e4nglichen Stellen<\/li>\n<li>Erm\u00f6glicht vollfl\u00e4chige Drucke dank Aufdrucken vor dem N\u00e4hen<\/li>\n<\/ul><\/div>\n<div class=\"col-xs-12 col-md-6\">\n<h4>Was Sie wissen sollten:<\/h4>\n<ul class=\"checklist\">\n<li>Vollfl\u00e4chige Aufdrucke werden auf wei\u00dfem Polyestermaterial ausgef\u00fchrt.<\/li>\n<li>Das Entwerfen und N\u00e4hen des Kleidungsst\u00fccks dauert l\u00e4nger ein Aufdruck auf einem fertigen Kleidungsst\u00fcck.<\/li>\n<li>Das N\u00e4hen wird bei gr\u00f6\u00dferen Auflagen \u2013 ab 100 St\u00fcck \u2013 kosteng\u00fcnstig.<\/li>\n<li>Wir sind spezialisiert auf leichtes bis mittelschweres N\u00e4hen<\/li>\n<\/ul><\/div>\n<\/p><\/div>\n<\/p><\/div>\n<\/p><\/div>\n<\/p><\/div>\n<\/div>\n<p><!--\/.content--><\/p>\n","protected":false},"excerpt":{"rendered":"<p>Satrtesite &gt; N\u00e4hen N\u00e4hen Wenn Sie einzigartige Bekleidungsdesigns entwerfen oder aus Stoffen n\u00e4hen m\u00f6chten, auf die Ihre Marke setzt, haben wir ein Angebot f\u00fcr eine umfassende Unterst\u00fctzung in diesem Bereich. Entwerfen Wir erstellen Schablonen, bereiten die Zuschnitte f\u00fcr Ihre Kollektion vor und f\u00fchren bei Bedarf den Sublimationsdruck vor dem N\u00e4hen durch. Wir schlagen Ihnen Stoffe [&hellip;]<\/p>\n","protected":false},"author":1,"featured_media":0,"parent":0,"menu_order":0,"comment_status":"closed","ping_status":"closed","template":"template-szycie.php","meta":{"footnotes":""},"class_list":["post-176","page","type-page","status-publish","hentry"],"yoast_head":"<!-- This site is optimized with the Yoast SEO plugin v27.5 - https:\/\/yoast.com\/product\/yoast-seo-wordpress\/ -->\n<title>N\u00e4hen - Reflect<\/title>\n<meta name=\"robots\" content=\"index, follow, max-snippet:-1, max-image-preview:large, max-video-preview:-1\" \/>\n<link rel=\"canonical\" href=\"https:\/\/www.reflectprint.eu\/de\/naehen\/\" \/>\n<meta property=\"og:locale\" content=\"de_DE\" \/>\n<meta property=\"og:type\" content=\"article\" \/>\n<meta property=\"og:title\" content=\"N\u00e4hen - Reflect\" \/>\n<meta property=\"og:description\" content=\"Satrtesite &gt; N\u00e4hen N\u00e4hen Wenn Sie einzigartige Bekleidungsdesigns entwerfen oder aus Stoffen n\u00e4hen m\u00f6chten, auf die Ihre Marke setzt, haben wir ein Angebot f\u00fcr eine umfassende Unterst\u00fctzung in diesem Bereich. Entwerfen Wir erstellen Schablonen, bereiten die Zuschnitte f\u00fcr Ihre Kollektion vor und f\u00fchren bei Bedarf den Sublimationsdruck vor dem N\u00e4hen durch. Wir schlagen Ihnen Stoffe [&hellip;]\" \/>\n<meta property=\"og:url\" content=\"https:\/\/www.reflectprint.eu\/de\/naehen\/\" \/>\n<meta property=\"og:site_name\" content=\"Reflect\" \/>\n<meta property=\"article:modified_time\" content=\"2022-12-27T17:35:27+00:00\" \/>\n<meta name=\"twitter:card\" content=\"summary_large_image\" \/>\n<meta name=\"twitter:label1\" content=\"Gesch\u00e4tzte Lesezeit\" \/>\n\t<meta name=\"twitter:data1\" content=\"1\u00a0Minute\" \/>\n<script type=\"application\/ld+json\" class=\"yoast-schema-graph\">{\"@context\":\"https:\\\/\\\/schema.org\",\"@graph\":[{\"@type\":\"WebPage\",\"@id\":\"https:\\\/\\\/www.reflectprint.eu\\\/de\\\/naehen\\\/\",\"url\":\"https:\\\/\\\/www.reflectprint.eu\\\/de\\\/naehen\\\/\",\"name\":\"N\u00e4hen - Reflect\",\"isPartOf\":{\"@id\":\"https:\\\/\\\/www.reflectprint.eu\\\/#website\"},\"datePublished\":\"2022-12-27T11:57:54+00:00\",\"dateModified\":\"2022-12-27T17:35:27+00:00\",\"breadcrumb\":{\"@id\":\"https:\\\/\\\/www.reflectprint.eu\\\/de\\\/naehen\\\/#breadcrumb\"},\"inLanguage\":\"de\",\"potentialAction\":[{\"@type\":\"ReadAction\",\"target\":[\"https:\\\/\\\/www.reflectprint.eu\\\/de\\\/naehen\\\/\"]}]},{\"@type\":\"BreadcrumbList\",\"@id\":\"https:\\\/\\\/www.reflectprint.eu\\\/de\\\/naehen\\\/#breadcrumb\",\"itemListElement\":[{\"@type\":\"ListItem\",\"position\":1,\"name\":\"Strona g\u0142\u00f3wna\",\"item\":\"https:\\\/\\\/www.reflectprint.eu\\\/de\\\/\"},{\"@type\":\"ListItem\",\"position\":2,\"name\":\"N\u00e4hen\"}]},{\"@type\":\"WebSite\",\"@id\":\"https:\\\/\\\/www.reflectprint.eu\\\/#website\",\"url\":\"https:\\\/\\\/www.reflectprint.eu\\\/\",\"name\":\"Reflect\",\"description\":\"\",\"potentialAction\":[{\"@type\":\"SearchAction\",\"target\":{\"@type\":\"EntryPoint\",\"urlTemplate\":\"https:\\\/\\\/www.reflectprint.eu\\\/?s={search_term_string}\"},\"query-input\":{\"@type\":\"PropertyValueSpecification\",\"valueRequired\":true,\"valueName\":\"search_term_string\"}}],\"inLanguage\":\"de\"}]}<\/script>\n<!-- \/ Yoast SEO plugin. -->","yoast_head_json":{"title":"N\u00e4hen - Reflect","robots":{"index":"index","follow":"follow","max-snippet":"max-snippet:-1","max-image-preview":"max-image-preview:large","max-video-preview":"max-video-preview:-1"},"canonical":"https:\/\/www.reflectprint.eu\/de\/naehen\/","og_locale":"de_DE","og_type":"article","og_title":"N\u00e4hen - Reflect","og_description":"Satrtesite &gt; N\u00e4hen N\u00e4hen Wenn Sie einzigartige Bekleidungsdesigns entwerfen oder aus Stoffen n\u00e4hen m\u00f6chten, auf die Ihre Marke setzt, haben wir ein Angebot f\u00fcr eine umfassende Unterst\u00fctzung in diesem Bereich. Entwerfen Wir erstellen Schablonen, bereiten die Zuschnitte f\u00fcr Ihre Kollektion vor und f\u00fchren bei Bedarf den Sublimationsdruck vor dem N\u00e4hen durch. Wir schlagen Ihnen Stoffe [&hellip;]","og_url":"https:\/\/www.reflectprint.eu\/de\/naehen\/","og_site_name":"Reflect","article_modified_time":"2022-12-27T17:35:27+00:00","twitter_card":"summary_large_image","twitter_misc":{"Gesch\u00e4tzte Lesezeit":"1\u00a0Minute"},"schema":{"@context":"https:\/\/schema.org","@graph":[{"@type":"WebPage","@id":"https:\/\/www.reflectprint.eu\/de\/naehen\/","url":"https:\/\/www.reflectprint.eu\/de\/naehen\/","name":"N\u00e4hen - Reflect","isPartOf":{"@id":"https:\/\/www.reflectprint.eu\/#website"},"datePublished":"2022-12-27T11:57:54+00:00","dateModified":"2022-12-27T17:35:27+00:00","breadcrumb":{"@id":"https:\/\/www.reflectprint.eu\/de\/naehen\/#breadcrumb"},"inLanguage":"de","potentialAction":[{"@type":"ReadAction","target":["https:\/\/www.reflectprint.eu\/de\/naehen\/"]}]},{"@type":"BreadcrumbList","@id":"https:\/\/www.reflectprint.eu\/de\/naehen\/#breadcrumb","itemListElement":[{"@type":"ListItem","position":1,"name":"Strona g\u0142\u00f3wna","item":"https:\/\/www.reflectprint.eu\/de\/"},{"@type":"ListItem","position":2,"name":"N\u00e4hen"}]},{"@type":"WebSite","@id":"https:\/\/www.reflectprint.eu\/#website","url":"https:\/\/www.reflectprint.eu\/","name":"Reflect","description":"","potentialAction":[{"@type":"SearchAction","target":{"@type":"EntryPoint","urlTemplate":"https:\/\/www.reflectprint.eu\/?s={search_term_string}"},"query-input":{"@type":"PropertyValueSpecification","valueRequired":true,"valueName":"search_term_string"}}],"inLanguage":"de"}]}},"_links":{"self":[{"href":"https:\/\/www.reflectprint.eu\/de\/wp-json\/wp\/v2\/pages\/176","targetHints":{"allow":["GET"]}}],"collection":[{"href":"https:\/\/www.reflectprint.eu\/de\/wp-json\/wp\/v2\/pages"}],"about":[{"href":"https:\/\/www.reflectprint.eu\/de\/wp-json\/wp\/v2\/types\/page"}],"author":[{"embeddable":true,"href":"https:\/\/www.reflectprint.eu\/de\/wp-json\/wp\/v2\/users\/1"}],"replies":[{"embeddable":true,"href":"https:\/\/www.reflectprint.eu\/de\/wp-json\/wp\/v2\/comments?post=176"}],"version-history":[{"count":1,"href":"https:\/\/www.reflectprint.eu\/de\/wp-json\/wp\/v2\/pages\/176\/revisions"}],"predecessor-version":[{"id":232,"href":"https:\/\/www.reflectprint.eu\/de\/wp-json\/wp\/v2\/pages\/176\/revisions\/232"}],"wp:attachment":[{"href":"https:\/\/www.reflectprint.eu\/de\/wp-json\/wp\/v2\/media?parent=176"}],"curies":[{"name":"wp","href":"https:\/\/api.w.org\/{rel}","templated":true}]}}