{"id":181,"date":"2022-12-27T13:09:53","date_gmt":"2022-12-27T12:09:53","guid":{"rendered":"https:\/\/new.reflectprint.eu\/andere-dienstleistungen\/"},"modified":"2022-12-27T18:30:54","modified_gmt":"2022-12-27T17:30:54","slug":"andere-dienstleistungen","status":"publish","type":"page","link":"https:\/\/www.reflectprint.eu\/de\/andere-dienstleistungen\/","title":{"rendered":"Andere Dienstleistungen"},"content":{"rendered":"<div class=\"content page-content\">\n<div class=\"wrap container-fluid\">\n<div class=\"row\">\n<div class=\"col-xs-12\">\n<div class=\"top-img\">\n<div class=\"st-item\">\n\t\t\t\t\t\t<img decoding=\"async\" src=\"\/wp-content\/themes\/dbx_reflect\/img\/pak.jpg\" alt=\"\" class=\"img-responsive\" \/><\/p>\n<div class=\"caption\">\n<ul class=\"breadcrumbs\">\n<li><a href=\"#\">Startesite<\/a><\/li>\n<li>&gt;<\/li>\n<li>Andere Dienstleistungen<\/li>\n<\/ul>\n<h1>Andere Dienstleistungen<\/h1>\n<\/p><\/div>\n<\/p><\/div>\n<\/p><\/div>\n<\/p><\/div>\n<div class=\"col-xs-12\">\n<div class=\"row el360 middle-xs\">\n<div class=\"col-xs-12 col-md-6\">\n                  <img decoding=\"async\" src=\"\/wp-content\/themes\/dbx_reflect\/img\/other-img1.jpg\" alt=\"\" class=\"img-responsive\" \/>\n                <\/div>\n<div class=\"col-xs-12 col-md-6\">\n<div class=\"padding-box\">\n<h3 class=\"mb-20\">Etikettierung<\/h3>\n<p>Wir k\u00fcmmern uns auch um die Etikettierung des Kleidungsst\u00fccks mit Ihren Markenetiketten. Wir bieten Jacquard-Etiketten, die im Thermotransfer-, Sublimations- oder Flexfoliendruckverfahren bedruckt werden, sowie Kunstleder. Wir k\u00f6nnen die Kleidungsst\u00fccke auch neu etikettieren, d. h. die Etiketten des Herstellers durch Ihre Markenetiketten ersetzen.<\/p>\n<p>\t\t\t\t  <a href=\"#wpcf7-f135-o1\" class=\"btn btn-primary ask-for-offer mt-30\" data-title=\"Etikettierung\">Fordern Sie ein Angebot an<\/a>\n\t\t\t\t  <\/div>\n<\/p><\/div>\n<\/p><\/div>\n<p><\/p>\n<div class=\"row el360 middle-xs\">\n<div class=\"col-xs-12 col-md-6\">\n<div class=\"padding-box\">\n<h3 class=\"mb-20\">Hinzuf\u00fcgen von Brosch\u00fcren, Werbegeschenken und Extras<\/h3>\n<p>Entsprechend Ihren W\u00fcnschen veredeln wir das Kleidungsst\u00fcck und die Sendung mit Gummi- oder gestickten Aufn\u00e4hern, Anh\u00e4ngern sowie Pappetiketten und versehen die Verpackung mit Brosch\u00fcren, Gutscheinen und Werbegeschenken.<\/p>\n<p>\t\t\t\t  <a href=\"#wpcf7-f135-o1\" class=\"btn btn-primary ask-for-offer mt-30\" data-title=\"Hinzuf\u00fcgen von Brosch\u00fcren, Werbegeschenken und Extras\">Fordern Sie ein Angebot an<\/a>\n\t\t\t\t  <\/div>\n<\/p><\/div>\n<div class=\"col-xs-12 col-md-6\">\n                  <img decoding=\"async\" src=\"\/wp-content\/themes\/dbx_reflect\/img\/other-img2.jpg\" alt=\"\" class=\"img-responsive\" \/>\n                <\/div>\n<\/p><\/div>\n<p><\/p>\n<div class=\"row el360 middle-xs\">\n<div class=\"col-xs-12 col-md-6\">\n                  <img decoding=\"async\" src=\"\/wp-content\/themes\/dbx_reflect\/img\/other-img3.jpg\" alt=\"\" class=\"img-responsive\" \/>\n                <\/div>\n<div class=\"col-xs-12 col-md-6\">\n<div class=\"padding-box\">\n<h3 class=\"mb-20\">Kommissionierung und Verpackung<\/h3>\n<p><strong>Kommissionierung<\/strong><br \/>Oder m\u00f6chten Sie ein bei Reflect Group hergestelltes Gadget oder eine Brosch\u00fcre hinzuf\u00fcgen? Kein Problem, wir legen sie in das Paket und versenden sie als Set.<\/p>\n<p><strong>Konfektionierung<\/strong><br \/>Wir k\u00f6nnen jedes Kleidungsst\u00fcck in einer Gro\u00dfverpackung oder auf Wunsch in einer Einzelverpackung versenden, um es zus\u00e4tzlich vor Verschmutzung zu sch\u00fctzen.<\/p>\n<p>\t\t\t\t  <a href=\"#wpcf7-f135-o1\" class=\"btn btn-primary ask-for-offer mt-30\" data-title=\"Kommissionierung und Verpackung\">Fordern Sie ein Angebot an<\/a>\n\t\t\t\t  <\/div>\n<\/p><\/div>\n<\/p><\/div>\n<p><\/p>\n<div class=\"row el360 middle-xs\">\n<div class=\"col-xs-12 col-md-6\">\n<div class=\"padding-box\">\n<h3 class=\"mb-20\">Verpackung<\/h3>\n<p><strong>Standard-Verpackung<\/strong><br \/>Wir verpacken unsere Produkte standardm\u00e4\u00dfig in robusten und sicheren Wellpappkartons, in zwei Gr\u00f6\u00dfen:<\/p>\n<p>Gro\u00df &#8211; 600\/400\/400 mm<br \/>Klein &#8211; 600\/400\/180 mm<\/p>\n<p>Auf Ihren Wunsch k\u00f6nnen wir die Ware auch in Kartons versenden, die nicht mit unseren Logos gekennzeichnet sind.<\/p>\n<p><strong>Individuelle Verpackung<\/strong><br \/>\n\t\t\t\t  Wenn Sie es w\u00fcnschen, verpacken wir Ihre Sendung auf eine ungew\u00f6hnliche Art und Weise. Wir bedrucken den Karton mit einer individuellen Grafik oder in einer ungew\u00f6hnlichen Form, verpacken die Sendung entsprechend der Gr\u00f6\u00dfe des Kleidungsst\u00fccks, bringen Aufkleber mit Informationen \u00fcber die jeweilige Gr\u00f6\u00dfe auf den Beuteln an, personalisieren die Bestellung, indem wir einen Aufkleber mit dem Namen, z. B. eines Firmenmitarbeiters, auf der Sicherheitsfolie anbringen, und so weiter.<\/p>\n<p>\t\t\t\t  <a href=\"#wpcf7-f135-o1\" class=\"btn btn-primary ask-for-offer mt-30\" data-title=\"Verpackung\">Fordern Sie ein Angebot an<\/a>\n\t\t\t\t  <\/div>\n<\/p><\/div>\n<div class=\"col-xs-12 col-md-6\">\n                  <img decoding=\"async\" src=\"\/wp-content\/themes\/dbx_reflect\/img\/other-img4.jpg\" alt=\"\" class=\"img-responsive\" \/>\n                <\/div>\n<\/p><\/div>\n<\/p><\/div>\n<\/p><\/div>\n<\/p><\/div>\n<\/div>\n<p><!--\/.content--><\/p>\n","protected":false},"excerpt":{"rendered":"<p>Startesite &gt; Andere Dienstleistungen Andere Dienstleistungen Etikettierung Wir k\u00fcmmern uns auch um die Etikettierung des Kleidungsst\u00fccks mit Ihren Markenetiketten. Wir bieten Jacquard-Etiketten, die im Thermotransfer-, Sublimations- oder Flexfoliendruckverfahren bedruckt werden, sowie Kunstleder. Wir k\u00f6nnen die Kleidungsst\u00fccke auch neu etikettieren, d. h. die Etiketten des Herstellers durch Ihre Markenetiketten ersetzen. Fordern Sie ein Angebot an Hinzuf\u00fcgen [&hellip;]<\/p>\n","protected":false},"author":1,"featured_media":0,"parent":0,"menu_order":0,"comment_status":"closed","ping_status":"closed","template":"template-inne.php","meta":{"footnotes":""},"class_list":["post-181","page","type-page","status-publish","hentry"],"yoast_head":"<!-- This site is optimized with the Yoast SEO plugin v27.5 - https:\/\/yoast.com\/product\/yoast-seo-wordpress\/ -->\n<title>Andere Dienstleistungen - Reflect<\/title>\n<meta name=\"robots\" content=\"index, follow, max-snippet:-1, max-image-preview:large, max-video-preview:-1\" \/>\n<link rel=\"canonical\" href=\"https:\/\/www.reflectprint.eu\/de\/andere-dienstleistungen\/\" \/>\n<meta property=\"og:locale\" content=\"de_DE\" \/>\n<meta property=\"og:type\" content=\"article\" \/>\n<meta property=\"og:title\" content=\"Andere Dienstleistungen - Reflect\" \/>\n<meta property=\"og:description\" content=\"Startesite &gt; Andere Dienstleistungen Andere Dienstleistungen Etikettierung Wir k\u00fcmmern uns auch um die Etikettierung des Kleidungsst\u00fccks mit Ihren Markenetiketten. Wir bieten Jacquard-Etiketten, die im Thermotransfer-, Sublimations- oder Flexfoliendruckverfahren bedruckt werden, sowie Kunstleder. Wir k\u00f6nnen die Kleidungsst\u00fccke auch neu etikettieren, d. h. die Etiketten des Herstellers durch Ihre Markenetiketten ersetzen. Fordern Sie ein Angebot an Hinzuf\u00fcgen [&hellip;]\" \/>\n<meta property=\"og:url\" content=\"https:\/\/www.reflectprint.eu\/de\/andere-dienstleistungen\/\" \/>\n<meta property=\"og:site_name\" content=\"Reflect\" \/>\n<meta property=\"article:modified_time\" content=\"2022-12-27T17:30:54+00:00\" \/>\n<meta name=\"twitter:card\" content=\"summary_large_image\" \/>\n<meta name=\"twitter:label1\" content=\"Gesch\u00e4tzte Lesezeit\" \/>\n\t<meta name=\"twitter:data1\" content=\"1\u00a0Minute\" \/>\n<script type=\"application\/ld+json\" class=\"yoast-schema-graph\">{\"@context\":\"https:\\\/\\\/schema.org\",\"@graph\":[{\"@type\":\"WebPage\",\"@id\":\"https:\\\/\\\/www.reflectprint.eu\\\/de\\\/andere-dienstleistungen\\\/\",\"url\":\"https:\\\/\\\/www.reflectprint.eu\\\/de\\\/andere-dienstleistungen\\\/\",\"name\":\"Andere Dienstleistungen - Reflect\",\"isPartOf\":{\"@id\":\"https:\\\/\\\/www.reflectprint.eu\\\/#website\"},\"datePublished\":\"2022-12-27T12:09:53+00:00\",\"dateModified\":\"2022-12-27T17:30:54+00:00\",\"breadcrumb\":{\"@id\":\"https:\\\/\\\/www.reflectprint.eu\\\/de\\\/andere-dienstleistungen\\\/#breadcrumb\"},\"inLanguage\":\"de\",\"potentialAction\":[{\"@type\":\"ReadAction\",\"target\":[\"https:\\\/\\\/www.reflectprint.eu\\\/de\\\/andere-dienstleistungen\\\/\"]}]},{\"@type\":\"BreadcrumbList\",\"@id\":\"https:\\\/\\\/www.reflectprint.eu\\\/de\\\/andere-dienstleistungen\\\/#breadcrumb\",\"itemListElement\":[{\"@type\":\"ListItem\",\"position\":1,\"name\":\"Strona g\u0142\u00f3wna\",\"item\":\"https:\\\/\\\/www.reflectprint.eu\\\/de\\\/\"},{\"@type\":\"ListItem\",\"position\":2,\"name\":\"Andere Dienstleistungen\"}]},{\"@type\":\"WebSite\",\"@id\":\"https:\\\/\\\/www.reflectprint.eu\\\/#website\",\"url\":\"https:\\\/\\\/www.reflectprint.eu\\\/\",\"name\":\"Reflect\",\"description\":\"\",\"potentialAction\":[{\"@type\":\"SearchAction\",\"target\":{\"@type\":\"EntryPoint\",\"urlTemplate\":\"https:\\\/\\\/www.reflectprint.eu\\\/?s={search_term_string}\"},\"query-input\":{\"@type\":\"PropertyValueSpecification\",\"valueRequired\":true,\"valueName\":\"search_term_string\"}}],\"inLanguage\":\"de\"}]}<\/script>\n<!-- \/ Yoast SEO plugin. -->","yoast_head_json":{"title":"Andere Dienstleistungen - Reflect","robots":{"index":"index","follow":"follow","max-snippet":"max-snippet:-1","max-image-preview":"max-image-preview:large","max-video-preview":"max-video-preview:-1"},"canonical":"https:\/\/www.reflectprint.eu\/de\/andere-dienstleistungen\/","og_locale":"de_DE","og_type":"article","og_title":"Andere Dienstleistungen - Reflect","og_description":"Startesite &gt; Andere Dienstleistungen Andere Dienstleistungen Etikettierung Wir k\u00fcmmern uns auch um die Etikettierung des Kleidungsst\u00fccks mit Ihren Markenetiketten. Wir bieten Jacquard-Etiketten, die im Thermotransfer-, Sublimations- oder Flexfoliendruckverfahren bedruckt werden, sowie Kunstleder. Wir k\u00f6nnen die Kleidungsst\u00fccke auch neu etikettieren, d. h. die Etiketten des Herstellers durch Ihre Markenetiketten ersetzen. Fordern Sie ein Angebot an Hinzuf\u00fcgen [&hellip;]","og_url":"https:\/\/www.reflectprint.eu\/de\/andere-dienstleistungen\/","og_site_name":"Reflect","article_modified_time":"2022-12-27T17:30:54+00:00","twitter_card":"summary_large_image","twitter_misc":{"Gesch\u00e4tzte Lesezeit":"1\u00a0Minute"},"schema":{"@context":"https:\/\/schema.org","@graph":[{"@type":"WebPage","@id":"https:\/\/www.reflectprint.eu\/de\/andere-dienstleistungen\/","url":"https:\/\/www.reflectprint.eu\/de\/andere-dienstleistungen\/","name":"Andere Dienstleistungen - Reflect","isPartOf":{"@id":"https:\/\/www.reflectprint.eu\/#website"},"datePublished":"2022-12-27T12:09:53+00:00","dateModified":"2022-12-27T17:30:54+00:00","breadcrumb":{"@id":"https:\/\/www.reflectprint.eu\/de\/andere-dienstleistungen\/#breadcrumb"},"inLanguage":"de","potentialAction":[{"@type":"ReadAction","target":["https:\/\/www.reflectprint.eu\/de\/andere-dienstleistungen\/"]}]},{"@type":"BreadcrumbList","@id":"https:\/\/www.reflectprint.eu\/de\/andere-dienstleistungen\/#breadcrumb","itemListElement":[{"@type":"ListItem","position":1,"name":"Strona g\u0142\u00f3wna","item":"https:\/\/www.reflectprint.eu\/de\/"},{"@type":"ListItem","position":2,"name":"Andere Dienstleistungen"}]},{"@type":"WebSite","@id":"https:\/\/www.reflectprint.eu\/#website","url":"https:\/\/www.reflectprint.eu\/","name":"Reflect","description":"","potentialAction":[{"@type":"SearchAction","target":{"@type":"EntryPoint","urlTemplate":"https:\/\/www.reflectprint.eu\/?s={search_term_string}"},"query-input":{"@type":"PropertyValueSpecification","valueRequired":true,"valueName":"search_term_string"}}],"inLanguage":"de"}]}},"_links":{"self":[{"href":"https:\/\/www.reflectprint.eu\/de\/wp-json\/wp\/v2\/pages\/181","targetHints":{"allow":["GET"]}}],"collection":[{"href":"https:\/\/www.reflectprint.eu\/de\/wp-json\/wp\/v2\/pages"}],"about":[{"href":"https:\/\/www.reflectprint.eu\/de\/wp-json\/wp\/v2\/types\/page"}],"author":[{"embeddable":true,"href":"https:\/\/www.reflectprint.eu\/de\/wp-json\/wp\/v2\/users\/1"}],"replies":[{"embeddable":true,"href":"https:\/\/www.reflectprint.eu\/de\/wp-json\/wp\/v2\/comments?post=181"}],"version-history":[{"count":1,"href":"https:\/\/www.reflectprint.eu\/de\/wp-json\/wp\/v2\/pages\/181\/revisions"}],"predecessor-version":[{"id":228,"href":"https:\/\/www.reflectprint.eu\/de\/wp-json\/wp\/v2\/pages\/181\/revisions\/228"}],"wp:attachment":[{"href":"https:\/\/www.reflectprint.eu\/de\/wp-json\/wp\/v2\/media?parent=181"}],"curies":[{"name":"wp","href":"https:\/\/api.w.org\/{rel}","templated":true}]}}