{"id":124,"date":"2022-12-20T22:03:57","date_gmt":"2022-12-20T21:03:57","guid":{"rendered":"https:\/\/new.reflectprint.eu\/offre-360\/"},"modified":"2022-12-27T18:26:26","modified_gmt":"2022-12-27T17:26:26","slug":"offre-360","status":"publish","type":"page","link":"https:\/\/www.reflectprint.eu\/fr\/offre-360\/","title":{"rendered":"Offre 360\u00b0"},"content":{"rendered":"<div class=\"content page-content\">\n<div class=\"wrap container-fluid\">\n<div class=\"row\">\n<div class=\"col-xs-12\">\n<div class=\"top-img\">\n<div class=\"st-item\">\n<img decoding=\"async\" src=\"\/wp-content\/themes\/dbx_reflect\/img\/slide.png\" alt=\"\" class=\"img-responsive\" \/><\/p>\n<div class=\"caption\">\n<ul class=\"breadcrumbs\">\n<li><a href=\"#\">Accueil<\/a><\/li>\n<li>&gt;<\/li>\n<li>Offre 360&deg;<\/li>\n<\/ul>\n<h1>Offre 360&deg;<\/h1>\n<\/p><\/div>\n<\/p><\/div>\n<\/p><\/div>\n<p>\n\t\t\t\t<strong>Les commandes et les livraisons \u00e0 partir d\u2019un seul endroit ?<\/strong><br \/>\n\t\t\t\t<strong>Un charg\u00e9 de commande et le point de contact uniques ?<\/strong><br \/>\n\t\t\t\t<strong>Une surveillance qualit\u00e9 coh\u00e9rente des diff\u00e9rentes commandes et des prix de transport r\u00e9duits gr\u00e2ce \u00e0 la r\u00e9union d\u2019exp\u00e9dition ?<\/strong>\n\t\t\t\t<\/p>\n<p>Ce ne sont que quelques-uns des avantages r\u00e9sultant du fait que chez Reflect nous r\u00e9alisons l&rsquo;ensemble du processus de production des v\u00eatements marqu\u00e9s, de la conception \u00e0 l&#8217;emballage, et que nous offrons toutes les techniques de marquage actuellement pertinentes.<\/p>\n<p>Le service Reflect 360\u00b0 est une solution id\u00e9ale pour les marques de mode, les agences de publicit\u00e9 et tous ceux qui recherchent le confort et la certitude de normes standardis\u00e9es.<\/p>\n<p class=\"mb-50\"><strong>Venez voir !<\/strong><\/p>\n<\/p><\/div>\n<div class=\"col-xs-12\">\n<div class=\"row el360\">\n<div class=\"col-xs-12 col-md-5\">\n                  <img decoding=\"async\" src=\"\/wp-content\/themes\/dbx_reflect\/img\/360-img1.jpg\" alt=\"\" class=\"img-responsive\" \/>\n                <\/div>\n<div class=\"col-xs-12 col-md-2 center-xs\">\n<div class=\"timeline-ico-container\">\n<div class=\"tic-line yellow\"><\/div>\n<div class=\"tic-ico\"><img decoding=\"async\" src=\"\/wp-content\/themes\/dbx_reflect\/img\/360-ico1.svg\" alt=\"\" class=\"img-responsive\" \/><\/div>\n<\/p><\/div>\n<\/p><\/div>\n<div class=\"col-xs-12 col-md-5\" style=\"justify-content: center; display: flex; flex-direction: column;\">\n<h3 class=\"mb-20\">Conception<\/h3>\n<p>Envoyez-nous votre conception et nous la r\u00e9aliserons comme vous l\u2019attendez. Si vous avez besoin d&rsquo;aide, nos concepteurs sont pr\u00eats \u00e0 corrigeront votre conception ou nous la cr\u00e9eront pour vous. Tant au niveau de la coupe que de la d\u00e9coration des v\u00eatements et des accessoires.<\/p>\n<\/p><\/div>\n<\/p><\/div>\n<div class=\"row el360\">\n<div class=\"col-xs-12 col-md-5\" style=\"justify-content: center; display: flex; flex-direction: column;\">\n<h3 class=\"mb-20\">Couture<\/h3>\n<p>Nous allons coudre selon votre conception \u00e0 l&rsquo;aide de machines avanc\u00e9es garantissant une grande pr\u00e9cision. Nous r\u00e9alisons nos services en utilisant les machines suivantes : autolap, surjeteuse 5 et 3 fils, machine \u00e0 coudre \u00e0 double aiguille et d\u2019autres. Et comme nos couturi\u00e8res exp\u00e9riment\u00e9es s&rsquo;en chargeront, vos v\u00eatements seront parfaits.<\/p>\n<\/p><\/div>\n<div class=\"col-xs-12 col-md-2 center-xs\">\n<div class=\"timeline-ico-container\">\n<div class=\"tic-line blue\"><\/div>\n<div class=\"tic-ico\"><img decoding=\"async\" src=\"\/wp-content\/themes\/dbx_reflect\/img\/360-ico2.svg\" alt=\"\" class=\"img-responsive\" \/><\/div>\n<\/p><\/div>\n<\/p><\/div>\n<div class=\"col-xs-12 col-md-5\">\n                  <img decoding=\"async\" src=\"\/wp-content\/themes\/dbx_reflect\/img\/360-img2.jpg\" alt=\"\" class=\"img-responsive\" \/>\n                <\/div>\n<\/p><\/div>\n<div class=\"row el360\">\n<div class=\"col-xs-12 col-md-5\">\n                  <img decoding=\"async\" src=\"\/wp-content\/themes\/dbx_reflect\/img\/360-img3.jpg\" alt=\"\" class=\"img-responsive\" \/>\n                <\/div>\n<div class=\"col-xs-12 col-md-2 center-xs\">\n<div class=\"timeline-ico-container\">\n<div class=\"tic-line pink\"><\/div>\n<div class=\"tic-ico\"><img decoding=\"async\" src=\"\/wp-content\/themes\/dbx_reflect\/img\/360-ico3.svg\" alt=\"\" class=\"img-responsive\" \/><\/div>\n<\/p><\/div>\n<\/p><\/div>\n<div class=\"col-xs-12 col-md-5\" style=\"justify-content: center; display: flex; flex-direction: column;\">\n<h3 class=\"mb-20\">Marquage<\/h3>\n<p>S\u00e9rigraphie, sublimation, Broderie, DTG, Transfert thermique, Pellicule Flex, Pellicule Flock et beaucoup plus.<\/p>\n<p>Les m\u00e9thodes ci-dessus et d&rsquo;autres propos\u00e9es par Reflect, disponibles au m\u00eame endroit, vous permettent un large \u00e9ventail d&rsquo;options en termes d&rsquo;effets et de prix.<\/p>\n<p>Nous sommes en mesure de r\u00e9aliser m\u00eame les projets les plus ambitieux et c\u2019est gr\u00e2ce \u00e0 nos experts en impression forts des ann\u00e9es d&rsquo;exp\u00e9rience, \u00e0 des milliers de projets r\u00e9alis\u00e9s et ce qui est au c\u0153ur du marquage : les machines et la technologie des plus grandes marques mondiales : Tajima, Kornit, M&#038;R ou Epson.<\/p>\n<\/p><\/div>\n<\/p><\/div>\n<div class=\"row el360\">\n<div class=\"col-xs-12 col-md-5\" style=\"justify-content: center; display: flex; flex-direction: column;\">\n<h3 class=\"mb-20\">\u00c9tiquetage<\/h3>\n<p>Nous mettons en \u0153uvre diff\u00e9rentes techniques d\u2019\u00e9tiquetage. Nous imprimons et cousons des \u00e9tiquettes textiles, accrochons des \u00e9tiquettes en carton. C&rsquo;est \u00e0 vous de choisir le type que vous voulez.<\/p>\n<p>Sur demande, nous pouvons \u00e9galement remplacer les \u00e9tiquettes du fabricant par des \u00e9tiquettes portant votre logo.<\/p>\n<\/p><\/div>\n<div class=\"col-xs-12 col-md-2 center-xs\">\n<div class=\"timeline-ico-container\">\n<div class=\"tic-line yellow\"><\/div>\n<div class=\"tic-ico\"><img decoding=\"async\" src=\"\/wp-content\/themes\/dbx_reflect\/img\/360-ico4.svg\" alt=\"\" class=\"img-responsive\" \/><\/div>\n<\/p><\/div>\n<\/p><\/div>\n<div class=\"col-xs-12 col-md-5\">\n                  <img decoding=\"async\" src=\"\/wp-content\/themes\/dbx_reflect\/img\/360-img4.jpg\" alt=\"\" class=\"img-responsive\" \/>\n                <\/div>\n<\/p><\/div>\n<div class=\"row el360\">\n<div class=\"col-xs-12 col-md-5\">\n                  <img decoding=\"async\" src=\"\/wp-content\/themes\/dbx_reflect\/img\/360-img5.jpg\" alt=\"\" class=\"img-responsive\" \/>\n                <\/div>\n<div class=\"col-xs-12 col-md-2 center-xs\">\n<div class=\"timeline-ico-container\">\n<div class=\"tic-line blue\"><\/div>\n<div class=\"tic-ico\"><img decoding=\"async\" src=\"\/wp-content\/themes\/dbx_reflect\/img\/360-ico5.svg\" alt=\"\" class=\"img-responsive\" \/><\/div>\n<\/p><\/div>\n<\/p><\/div>\n<div class=\"col-xs-12 col-md-5\" style=\"justify-content: center; display: flex; flex-direction: column;\">\n<h3 class=\"mb-20\">Ajout de brochures, d&rsquo;objets gratuits, d\u2019accessoires<\/h3>\n<p>Vous pouvez compl\u00e9ter vos colis comportant des v\u00eatements de votre marque de quelques accessoires &#8211; brochures, objets gratuits ou peut-\u00eatre des sacs d&rsquo;herbes parfum\u00e9es. Nous ajouterons sans probl\u00e8me les accessoires indiqu\u00e9s aux v\u00eatements emball\u00e9s et nous veillerons \u00e0 leur bonne exposition conform\u00e9ment \u00e0 vos suggestions.<\/p>\n<\/p><\/div>\n<\/p><\/div>\n<div class=\"row el360\">\n<div class=\"col-xs-12 col-md-5\" style=\"justify-content: center; display: flex; flex-direction: column;\">\n<h3 class=\"mb-20\">Compl\u00e9tion et conditionnement<\/h3>\n<p>Il se peut que vous souhaitiez combiner l&rsquo;exp\u00e9dition de plusieurs produits dans un m\u00eame colis &#8211; par exemple en cr\u00e9ant un kit de supporters ou un kit de No\u00ebl en combinant des textiles Reflect avec des gadgets et d&rsquo;autres produits du groupe Reflect. L\u00e0 aussi, vous pouvez compter sur nous.<\/p>\n<\/p><\/div>\n<div class=\"col-xs-12 col-md-2 center-xs\">\n<div class=\"timeline-ico-container\">\n<div class=\"tic-line pink\"><\/div>\n<div class=\"tic-ico\"><img decoding=\"async\" src=\"\/wp-content\/themes\/dbx_reflect\/img\/360-ico6.svg\" alt=\"\" class=\"img-responsive\" \/><\/div>\n<\/p><\/div>\n<\/p><\/div>\n<div class=\"col-xs-12 col-md-5\">\n                  <img decoding=\"async\" src=\"\/wp-content\/themes\/dbx_reflect\/img\/360-img6.jpg\" alt=\"\" class=\"img-responsive\" \/>\n                <\/div>\n<\/p><\/div>\n<div class=\"row el360\">\n<div class=\"col-xs-12 col-md-5\">\n                  <img decoding=\"async\" src=\"\/wp-content\/themes\/dbx_reflect\/img\/360-img7.jpg\" alt=\"\" class=\"img-responsive\" \/>\n                <\/div>\n<div class=\"col-xs-12 col-md-2 center-xs\">\n<div class=\"timeline-ico-container\">\n<div class=\"tic-line yellow\"><\/div>\n<div class=\"tic-ico\"><img decoding=\"async\" src=\"\/wp-content\/themes\/dbx_reflect\/img\/360-ico7.svg\" alt=\"\" class=\"img-responsive\" \/><\/div>\n<\/p><\/div>\n<\/p><\/div>\n<div class=\"col-xs-12 col-md-5\" style=\"justify-content: center; display: flex; flex-direction: column;\">\n<h3 class=\"mb-20\">Emballage<\/h3>\n<p>Nous emballons les produits pr\u00e9par\u00e9s comme vous le souhaitez dans un emballage r\u00e9gulier ou un emballage con\u00e7u et imprim\u00e9 sp\u00e9cialement pour votre marque. C\u2019est aussi possible !<\/p>\n<\/p><\/div>\n<\/p><\/div>\n<div class=\"row el360\">\n<div class=\"col-xs-12 col-md-5\" style=\"justify-content: center; display: flex; flex-direction: column;\">\n<h3 class=\"mb-20\">Exp\u00e9dition<\/h3>\n<p>Nous coop\u00e9rons avec des entreprises de messagerie fiables pour livrer votre exp\u00e9dition \u00e0 l&rsquo;adresse indiqu\u00e9e sans aucun obstacle.<\/p>\n<\/p><\/div>\n<div class=\"col-xs-12 col-md-2 center-xs\">\n<div class=\"timeline-ico-container\">\n<div class=\"tic-line blue\"><\/div>\n<div class=\"tic-ico\"><img decoding=\"async\" src=\"\/wp-content\/themes\/dbx_reflect\/img\/360-ico8.svg\" alt=\"\" class=\"img-responsive\" \/><\/div>\n<\/p><\/div>\n<\/p><\/div>\n<div class=\"col-xs-12 col-md-5\">\n                  <img decoding=\"async\" src=\"\/wp-content\/themes\/dbx_reflect\/img\/360-img8.jpg\" alt=\"\" class=\"img-responsive\" \/>\n                <\/div>\n<\/p><\/div>\n<\/p><\/div>\n<\/p><\/div>\n<\/p><\/div>\n<\/div>\n<p><!--\/.content--><\/p>\n","protected":false},"excerpt":{"rendered":"<p>Accueil &gt; Offre 360&deg; Offre 360&deg; Les commandes et les livraisons \u00e0 partir d\u2019un seul endroit ? Un charg\u00e9 de commande et le point de contact uniques ? Une surveillance qualit\u00e9 coh\u00e9rente des diff\u00e9rentes commandes et des prix de transport r\u00e9duits gr\u00e2ce \u00e0 la r\u00e9union d\u2019exp\u00e9dition ? Ce ne sont que quelques-uns des avantages r\u00e9sultant [&hellip;]<\/p>\n","protected":false},"author":1,"featured_media":199,"parent":0,"menu_order":0,"comment_status":"closed","ping_status":"closed","template":"template-360.php","meta":{"footnotes":""},"class_list":["post-124","page","type-page","status-publish","has-post-thumbnail","hentry"],"yoast_head":"<!-- This site is optimized with the Yoast SEO plugin v27.5 - https:\/\/yoast.com\/product\/yoast-seo-wordpress\/ -->\n<title>Offre 360\u00b0 - Reflect<\/title>\n<meta name=\"robots\" content=\"index, follow, max-snippet:-1, max-image-preview:large, max-video-preview:-1\" \/>\n<link rel=\"canonical\" href=\"https:\/\/www.reflectprint.eu\/fr\/offre-360\/\" \/>\n<meta property=\"og:locale\" content=\"fr_FR\" \/>\n<meta property=\"og:type\" content=\"article\" \/>\n<meta property=\"og:title\" content=\"Offre 360\u00b0 - Reflect\" \/>\n<meta property=\"og:description\" content=\"Accueil &gt; Offre 360&deg; Offre 360&deg; Les commandes et les livraisons \u00e0 partir d\u2019un seul endroit ? Un charg\u00e9 de commande et le point de contact uniques ? Une surveillance qualit\u00e9 coh\u00e9rente des diff\u00e9rentes commandes et des prix de transport r\u00e9duits gr\u00e2ce \u00e0 la r\u00e9union d\u2019exp\u00e9dition ? Ce ne sont que quelques-uns des avantages r\u00e9sultant [&hellip;]\" \/>\n<meta property=\"og:url\" content=\"https:\/\/www.reflectprint.eu\/fr\/offre-360\/\" \/>\n<meta property=\"og:site_name\" content=\"Reflect\" \/>\n<meta property=\"article:modified_time\" content=\"2022-12-27T17:26:26+00:00\" \/>\n<meta property=\"og:image\" content=\"https:\/\/www.reflectprint.eu\/wp-content\/uploads\/2022\/12\/360offer.png\" \/>\n\t<meta property=\"og:image:width\" content=\"1320\" \/>\n\t<meta property=\"og:image:height\" content=\"200\" \/>\n\t<meta property=\"og:image:type\" content=\"image\/png\" \/>\n<meta name=\"twitter:card\" content=\"summary_large_image\" \/>\n<script type=\"application\/ld+json\" class=\"yoast-schema-graph\">{\"@context\":\"https:\\\/\\\/schema.org\",\"@graph\":[{\"@type\":\"WebPage\",\"@id\":\"https:\\\/\\\/www.reflectprint.eu\\\/fr\\\/offre-360\\\/\",\"url\":\"https:\\\/\\\/www.reflectprint.eu\\\/fr\\\/offre-360\\\/\",\"name\":\"Offre 360\u00b0 - Reflect\",\"isPartOf\":{\"@id\":\"https:\\\/\\\/www.reflectprint.eu\\\/#website\"},\"primaryImageOfPage\":{\"@id\":\"https:\\\/\\\/www.reflectprint.eu\\\/fr\\\/offre-360\\\/#primaryimage\"},\"image\":{\"@id\":\"https:\\\/\\\/www.reflectprint.eu\\\/fr\\\/offre-360\\\/#primaryimage\"},\"thumbnailUrl\":\"https:\\\/\\\/www.reflectprint.eu\\\/wp-content\\\/uploads\\\/2022\\\/12\\\/360offer.png\",\"datePublished\":\"2022-12-20T21:03:57+00:00\",\"dateModified\":\"2022-12-27T17:26:26+00:00\",\"breadcrumb\":{\"@id\":\"https:\\\/\\\/www.reflectprint.eu\\\/fr\\\/offre-360\\\/#breadcrumb\"},\"inLanguage\":\"fr-FR\",\"potentialAction\":[{\"@type\":\"ReadAction\",\"target\":[\"https:\\\/\\\/www.reflectprint.eu\\\/fr\\\/offre-360\\\/\"]}]},{\"@type\":\"ImageObject\",\"inLanguage\":\"fr-FR\",\"@id\":\"https:\\\/\\\/www.reflectprint.eu\\\/fr\\\/offre-360\\\/#primaryimage\",\"url\":\"https:\\\/\\\/www.reflectprint.eu\\\/wp-content\\\/uploads\\\/2022\\\/12\\\/360offer.png\",\"contentUrl\":\"https:\\\/\\\/www.reflectprint.eu\\\/wp-content\\\/uploads\\\/2022\\\/12\\\/360offer.png\",\"width\":1320,\"height\":200},{\"@type\":\"BreadcrumbList\",\"@id\":\"https:\\\/\\\/www.reflectprint.eu\\\/fr\\\/offre-360\\\/#breadcrumb\",\"itemListElement\":[{\"@type\":\"ListItem\",\"position\":1,\"name\":\"Strona g\u0142\u00f3wna\",\"item\":\"https:\\\/\\\/www.reflectprint.eu\\\/fr\\\/\"},{\"@type\":\"ListItem\",\"position\":2,\"name\":\"Offre 360\u00b0\"}]},{\"@type\":\"WebSite\",\"@id\":\"https:\\\/\\\/www.reflectprint.eu\\\/#website\",\"url\":\"https:\\\/\\\/www.reflectprint.eu\\\/\",\"name\":\"Reflect\",\"description\":\"\",\"potentialAction\":[{\"@type\":\"SearchAction\",\"target\":{\"@type\":\"EntryPoint\",\"urlTemplate\":\"https:\\\/\\\/www.reflectprint.eu\\\/?s={search_term_string}\"},\"query-input\":{\"@type\":\"PropertyValueSpecification\",\"valueRequired\":true,\"valueName\":\"search_term_string\"}}],\"inLanguage\":\"fr-FR\"}]}<\/script>\n<!-- \/ Yoast SEO plugin. -->","yoast_head_json":{"title":"Offre 360\u00b0 - Reflect","robots":{"index":"index","follow":"follow","max-snippet":"max-snippet:-1","max-image-preview":"max-image-preview:large","max-video-preview":"max-video-preview:-1"},"canonical":"https:\/\/www.reflectprint.eu\/fr\/offre-360\/","og_locale":"fr_FR","og_type":"article","og_title":"Offre 360\u00b0 - Reflect","og_description":"Accueil &gt; Offre 360&deg; Offre 360&deg; Les commandes et les livraisons \u00e0 partir d\u2019un seul endroit ? Un charg\u00e9 de commande et le point de contact uniques ? Une surveillance qualit\u00e9 coh\u00e9rente des diff\u00e9rentes commandes et des prix de transport r\u00e9duits gr\u00e2ce \u00e0 la r\u00e9union d\u2019exp\u00e9dition ? Ce ne sont que quelques-uns des avantages r\u00e9sultant [&hellip;]","og_url":"https:\/\/www.reflectprint.eu\/fr\/offre-360\/","og_site_name":"Reflect","article_modified_time":"2022-12-27T17:26:26+00:00","og_image":[{"width":1320,"height":200,"url":"https:\/\/www.reflectprint.eu\/wp-content\/uploads\/2022\/12\/360offer.png","type":"image\/png"}],"twitter_card":"summary_large_image","schema":{"@context":"https:\/\/schema.org","@graph":[{"@type":"WebPage","@id":"https:\/\/www.reflectprint.eu\/fr\/offre-360\/","url":"https:\/\/www.reflectprint.eu\/fr\/offre-360\/","name":"Offre 360\u00b0 - Reflect","isPartOf":{"@id":"https:\/\/www.reflectprint.eu\/#website"},"primaryImageOfPage":{"@id":"https:\/\/www.reflectprint.eu\/fr\/offre-360\/#primaryimage"},"image":{"@id":"https:\/\/www.reflectprint.eu\/fr\/offre-360\/#primaryimage"},"thumbnailUrl":"https:\/\/www.reflectprint.eu\/wp-content\/uploads\/2022\/12\/360offer.png","datePublished":"2022-12-20T21:03:57+00:00","dateModified":"2022-12-27T17:26:26+00:00","breadcrumb":{"@id":"https:\/\/www.reflectprint.eu\/fr\/offre-360\/#breadcrumb"},"inLanguage":"fr-FR","potentialAction":[{"@type":"ReadAction","target":["https:\/\/www.reflectprint.eu\/fr\/offre-360\/"]}]},{"@type":"ImageObject","inLanguage":"fr-FR","@id":"https:\/\/www.reflectprint.eu\/fr\/offre-360\/#primaryimage","url":"https:\/\/www.reflectprint.eu\/wp-content\/uploads\/2022\/12\/360offer.png","contentUrl":"https:\/\/www.reflectprint.eu\/wp-content\/uploads\/2022\/12\/360offer.png","width":1320,"height":200},{"@type":"BreadcrumbList","@id":"https:\/\/www.reflectprint.eu\/fr\/offre-360\/#breadcrumb","itemListElement":[{"@type":"ListItem","position":1,"name":"Strona g\u0142\u00f3wna","item":"https:\/\/www.reflectprint.eu\/fr\/"},{"@type":"ListItem","position":2,"name":"Offre 360\u00b0"}]},{"@type":"WebSite","@id":"https:\/\/www.reflectprint.eu\/#website","url":"https:\/\/www.reflectprint.eu\/","name":"Reflect","description":"","potentialAction":[{"@type":"SearchAction","target":{"@type":"EntryPoint","urlTemplate":"https:\/\/www.reflectprint.eu\/?s={search_term_string}"},"query-input":{"@type":"PropertyValueSpecification","valueRequired":true,"valueName":"search_term_string"}}],"inLanguage":"fr-FR"}]}},"_links":{"self":[{"href":"https:\/\/www.reflectprint.eu\/fr\/wp-json\/wp\/v2\/pages\/124","targetHints":{"allow":["GET"]}}],"collection":[{"href":"https:\/\/www.reflectprint.eu\/fr\/wp-json\/wp\/v2\/pages"}],"about":[{"href":"https:\/\/www.reflectprint.eu\/fr\/wp-json\/wp\/v2\/types\/page"}],"author":[{"embeddable":true,"href":"https:\/\/www.reflectprint.eu\/fr\/wp-json\/wp\/v2\/users\/1"}],"replies":[{"embeddable":true,"href":"https:\/\/www.reflectprint.eu\/fr\/wp-json\/wp\/v2\/comments?post=124"}],"version-history":[{"count":2,"href":"https:\/\/www.reflectprint.eu\/fr\/wp-json\/wp\/v2\/pages\/124\/revisions"}],"predecessor-version":[{"id":221,"href":"https:\/\/www.reflectprint.eu\/fr\/wp-json\/wp\/v2\/pages\/124\/revisions\/221"}],"wp:featuredmedia":[{"embeddable":true,"href":"https:\/\/www.reflectprint.eu\/fr\/wp-json\/wp\/v2\/media\/199"}],"wp:attachment":[{"href":"https:\/\/www.reflectprint.eu\/fr\/wp-json\/wp\/v2\/media?parent=124"}],"curies":[{"name":"wp","href":"https:\/\/api.w.org\/{rel}","templated":true}]}}