{"id":165,"date":"2022-12-23T23:59:31","date_gmt":"2022-12-23T22:59:31","guid":{"rendered":"https:\/\/new.reflectprint.eu\/politique-de-confidentialite\/"},"modified":"2022-12-27T16:14:56","modified_gmt":"2022-12-27T15:14:56","slug":"politique-de-confidentialite","status":"publish","type":"page","link":"https:\/\/www.reflectprint.eu\/fr\/politique-de-confidentialite\/","title":{"rendered":"Politique de confidentialit\u00e9"},"content":{"rendered":"\n<ol class=\"wp-block-list\">\n<li>Notre Imprimerie assure la s\u00e9curit\u00e9 et la confidentialit\u00e9 des donn\u00e9es personnelles obtenues. Tous les employ\u00e9s de notre Imprimerie sont correctement form\u00e9s au traitement des donn\u00e9es personnelles.<\/li>\n\n\n\n<li>L&rsquo;administrateur des donn\u00e9es personnelles est : Reflect Group Szymon Frieske dont le si\u00e8ge social est situ\u00e9 \u00e0 Pozna\u0144, au 266 C, rue Naramowicka, sur la base de l&rsquo;inscription au registre de l&rsquo;activit\u00e9 \u00e9conomique tenu par le pr\u00e9sident de la ville de Pozna\u0144 sous le NIP : 972-108-70-42, REGON : 300258769. N\u00b0 de compte bancaire : 25 1140 2004 0000 3802 4162 5357 (Banque : mBank).<\/li>\n\n\n\n<li>Nous collectons les donn\u00e9es personnelles suivantes dans notre imprimerie :<br>\r\na) nom\/nom de l&rsquo;entreprise\/coordonn\u00e9es de contact &#8211; lors de la demande d&rsquo;un devis ou d&rsquo;une commande, il vous sera demand\u00e9 votre nom\/nom de l&rsquo;entreprise\/coordonn\u00e9es de contact afin que nous puissions vous envoyer un devis ou une commande \u00e0 la bonne adresse et que nous puissions vous contacter si n\u00e9cessaire &#8211; par exemple pour clarifier les d\u00e9tails de votre demande.<br>\r\nb) l&rsquo;adresse du si\u00e8ge social &#8211; nous avons besoin de cette adresse pour exp\u00e9dier le produit command\u00e9.<br>\r\nc) num\u00e9ro de t\u00e9l\u00e9phone &#8211; nous vous appelons parfois pour consulter ou confirmer les d\u00e9tails de votre demande ou de votre commande, ou pour vous proposer des options suppl\u00e9mentaires.<br>\r\nd) adresse \u00e9lectronique &#8211; nous vous enverrons une offre ou une confirmation de commande \u00e0 cette adresse et vous poserons des questions suppl\u00e9mentaires ou vous fournirons des informations compl\u00e9mentaires concernant votre demande ou votre commande.<br>\r\ne) Adresse IP &#8211; les informations r\u00e9sultant des r\u00e8gles g\u00e9n\u00e9rales des connexions Internet telles que l&rsquo;adresse IP (et d&rsquo;autres informations contenues dans les journaux du syst\u00e8me) sont utilis\u00e9es par l&rsquo;administrateur de notre imprimerie \u00e0 des fins techniques. Les adresses IP peuvent \u00e9galement \u00eatre utilis\u00e9es \u00e0 des fins statistiques &#8211; pour recueillir des informations d\u00e9mographiques g\u00e9n\u00e9rales (par exemple, sur la r\u00e9gion \u00e0 partir de laquelle la connexion est \u00e9tablie).<br>\r\nf) Cookies &#8211; notre imprimerie utilise la technologie des cookies afin d&rsquo;adapter le fonctionnement de notre service \u00e0 vos besoins individuels. Vous pouvez accepter de sauvegarder les donn\u00e9es que vous avez saisies afin de pouvoir les utiliser lors de votre prochaine visite sur notre site sans avoir \u00e0 les saisir \u00e0 nouveau. Nous garantissons que les propri\u00e9taires d&rsquo;autres sites n&rsquo;auront pas acc\u00e8s \u00e0 ces donn\u00e9es. Toutefois, si vous n&rsquo;acceptez pas ce type de personnalisation, nous vous sugg\u00e9rons de d\u00e9sactiver les cookies dans les options de votre navigateur.<\/li>\n\n\n\n<li>La fourniture des donn\u00e9es susmentionn\u00e9es est n\u00e9cessaire dans les cas suivants :<br>\r\na) en envoyant une demande de devis \u00e0 l&rsquo;aide du formulaire de demande de devis disponible sur ce site web<br>\r\nb) en passant une commande dans notre imprimerie.<\/li>\n\n\n\n<li>Chaque client de notre Imprimerie peut choisir si et dans quelle mesure il souhaite utiliser nos services et partager des informations le concernant. Si, pour une raison quelconque, vous ne souhaitez pas partager vos informations personnelles, vous avez le droit de les faire supprimer ou de ne pas les utiliser par notre imprimerie.<\/li>\n\n\n\n<li>Nous ne partageons aucune donn\u00e9e avec des tiers. Nous ne stockons pas non plus de donn\u00e9es sensibles telles que votre num\u00e9ro de carte de cr\u00e9dit ou de compte bancaire.<\/li>\n\n\n\n<li>Si vous souhaitez corriger, compl\u00e9ter, mettre \u00e0 jour, modifier ou demander la suppression de vos donn\u00e9es personnelles, veuillez envoyer un courriel \u00e0 : admin@reflect.pl<\/li>\n<\/ol>\n","protected":false},"excerpt":{"rendered":"","protected":false},"author":1,"featured_media":195,"parent":0,"menu_order":0,"comment_status":"closed","ping_status":"closed","template":"template-page.php","meta":{"footnotes":""},"class_list":["post-165","page","type-page","status-publish","has-post-thumbnail","hentry"],"yoast_head":"<!-- This site is optimized with the Yoast SEO plugin v27.5 - https:\/\/yoast.com\/product\/yoast-seo-wordpress\/ -->\n<title>Politique de confidentialit\u00e9 - Reflect<\/title>\n<meta name=\"robots\" content=\"index, follow, max-snippet:-1, max-image-preview:large, max-video-preview:-1\" \/>\n<link rel=\"canonical\" href=\"https:\/\/www.reflectprint.eu\/fr\/politique-de-confidentialite\/\" \/>\n<meta property=\"og:locale\" content=\"fr_FR\" \/>\n<meta property=\"og:type\" content=\"article\" \/>\n<meta property=\"og:title\" content=\"Politique de confidentialit\u00e9 - Reflect\" \/>\n<meta property=\"og:url\" content=\"https:\/\/www.reflectprint.eu\/fr\/politique-de-confidentialite\/\" \/>\n<meta property=\"og:site_name\" content=\"Reflect\" \/>\n<meta property=\"article:modified_time\" content=\"2022-12-27T15:14:56+00:00\" \/>\n<meta property=\"og:image\" content=\"https:\/\/www.reflectprint.eu\/wp-content\/uploads\/2022\/12\/reflect-img.png\" \/>\n\t<meta property=\"og:image:width\" content=\"1400\" \/>\n\t<meta property=\"og:image:height\" content=\"200\" \/>\n\t<meta property=\"og:image:type\" content=\"image\/png\" \/>\n<meta name=\"twitter:card\" content=\"summary_large_image\" \/>\n<meta name=\"twitter:label1\" content=\"Dur\u00e9e de lecture estim\u00e9e\" \/>\n\t<meta name=\"twitter:data1\" content=\"3 minutes\" \/>\n<script type=\"application\/ld+json\" class=\"yoast-schema-graph\">{\"@context\":\"https:\\\/\\\/schema.org\",\"@graph\":[{\"@type\":\"WebPage\",\"@id\":\"https:\\\/\\\/www.reflectprint.eu\\\/fr\\\/politique-de-confidentialite\\\/\",\"url\":\"https:\\\/\\\/www.reflectprint.eu\\\/fr\\\/politique-de-confidentialite\\\/\",\"name\":\"Politique de confidentialit\u00e9 - Reflect\",\"isPartOf\":{\"@id\":\"https:\\\/\\\/www.reflectprint.eu\\\/#website\"},\"primaryImageOfPage\":{\"@id\":\"https:\\\/\\\/www.reflectprint.eu\\\/fr\\\/politique-de-confidentialite\\\/#primaryimage\"},\"image\":{\"@id\":\"https:\\\/\\\/www.reflectprint.eu\\\/fr\\\/politique-de-confidentialite\\\/#primaryimage\"},\"thumbnailUrl\":\"https:\\\/\\\/www.reflectprint.eu\\\/wp-content\\\/uploads\\\/2022\\\/12\\\/reflect-img.png\",\"datePublished\":\"2022-12-23T22:59:31+00:00\",\"dateModified\":\"2022-12-27T15:14:56+00:00\",\"breadcrumb\":{\"@id\":\"https:\\\/\\\/www.reflectprint.eu\\\/fr\\\/politique-de-confidentialite\\\/#breadcrumb\"},\"inLanguage\":\"fr-FR\",\"potentialAction\":[{\"@type\":\"ReadAction\",\"target\":[\"https:\\\/\\\/www.reflectprint.eu\\\/fr\\\/politique-de-confidentialite\\\/\"]}]},{\"@type\":\"ImageObject\",\"inLanguage\":\"fr-FR\",\"@id\":\"https:\\\/\\\/www.reflectprint.eu\\\/fr\\\/politique-de-confidentialite\\\/#primaryimage\",\"url\":\"https:\\\/\\\/www.reflectprint.eu\\\/wp-content\\\/uploads\\\/2022\\\/12\\\/reflect-img.png\",\"contentUrl\":\"https:\\\/\\\/www.reflectprint.eu\\\/wp-content\\\/uploads\\\/2022\\\/12\\\/reflect-img.png\",\"width\":1400,\"height\":200},{\"@type\":\"BreadcrumbList\",\"@id\":\"https:\\\/\\\/www.reflectprint.eu\\\/fr\\\/politique-de-confidentialite\\\/#breadcrumb\",\"itemListElement\":[{\"@type\":\"ListItem\",\"position\":1,\"name\":\"Strona g\u0142\u00f3wna\",\"item\":\"https:\\\/\\\/www.reflectprint.eu\\\/fr\\\/\"},{\"@type\":\"ListItem\",\"position\":2,\"name\":\"Politique de confidentialit\u00e9\"}]},{\"@type\":\"WebSite\",\"@id\":\"https:\\\/\\\/www.reflectprint.eu\\\/#website\",\"url\":\"https:\\\/\\\/www.reflectprint.eu\\\/\",\"name\":\"Reflect\",\"description\":\"\",\"potentialAction\":[{\"@type\":\"SearchAction\",\"target\":{\"@type\":\"EntryPoint\",\"urlTemplate\":\"https:\\\/\\\/www.reflectprint.eu\\\/?s={search_term_string}\"},\"query-input\":{\"@type\":\"PropertyValueSpecification\",\"valueRequired\":true,\"valueName\":\"search_term_string\"}}],\"inLanguage\":\"fr-FR\"}]}<\/script>\n<!-- \/ Yoast SEO plugin. -->","yoast_head_json":{"title":"Politique de confidentialit\u00e9 - Reflect","robots":{"index":"index","follow":"follow","max-snippet":"max-snippet:-1","max-image-preview":"max-image-preview:large","max-video-preview":"max-video-preview:-1"},"canonical":"https:\/\/www.reflectprint.eu\/fr\/politique-de-confidentialite\/","og_locale":"fr_FR","og_type":"article","og_title":"Politique de confidentialit\u00e9 - Reflect","og_url":"https:\/\/www.reflectprint.eu\/fr\/politique-de-confidentialite\/","og_site_name":"Reflect","article_modified_time":"2022-12-27T15:14:56+00:00","og_image":[{"width":1400,"height":200,"url":"https:\/\/www.reflectprint.eu\/wp-content\/uploads\/2022\/12\/reflect-img.png","type":"image\/png"}],"twitter_card":"summary_large_image","twitter_misc":{"Dur\u00e9e de lecture estim\u00e9e":"3 minutes"},"schema":{"@context":"https:\/\/schema.org","@graph":[{"@type":"WebPage","@id":"https:\/\/www.reflectprint.eu\/fr\/politique-de-confidentialite\/","url":"https:\/\/www.reflectprint.eu\/fr\/politique-de-confidentialite\/","name":"Politique de confidentialit\u00e9 - Reflect","isPartOf":{"@id":"https:\/\/www.reflectprint.eu\/#website"},"primaryImageOfPage":{"@id":"https:\/\/www.reflectprint.eu\/fr\/politique-de-confidentialite\/#primaryimage"},"image":{"@id":"https:\/\/www.reflectprint.eu\/fr\/politique-de-confidentialite\/#primaryimage"},"thumbnailUrl":"https:\/\/www.reflectprint.eu\/wp-content\/uploads\/2022\/12\/reflect-img.png","datePublished":"2022-12-23T22:59:31+00:00","dateModified":"2022-12-27T15:14:56+00:00","breadcrumb":{"@id":"https:\/\/www.reflectprint.eu\/fr\/politique-de-confidentialite\/#breadcrumb"},"inLanguage":"fr-FR","potentialAction":[{"@type":"ReadAction","target":["https:\/\/www.reflectprint.eu\/fr\/politique-de-confidentialite\/"]}]},{"@type":"ImageObject","inLanguage":"fr-FR","@id":"https:\/\/www.reflectprint.eu\/fr\/politique-de-confidentialite\/#primaryimage","url":"https:\/\/www.reflectprint.eu\/wp-content\/uploads\/2022\/12\/reflect-img.png","contentUrl":"https:\/\/www.reflectprint.eu\/wp-content\/uploads\/2022\/12\/reflect-img.png","width":1400,"height":200},{"@type":"BreadcrumbList","@id":"https:\/\/www.reflectprint.eu\/fr\/politique-de-confidentialite\/#breadcrumb","itemListElement":[{"@type":"ListItem","position":1,"name":"Strona g\u0142\u00f3wna","item":"https:\/\/www.reflectprint.eu\/fr\/"},{"@type":"ListItem","position":2,"name":"Politique de confidentialit\u00e9"}]},{"@type":"WebSite","@id":"https:\/\/www.reflectprint.eu\/#website","url":"https:\/\/www.reflectprint.eu\/","name":"Reflect","description":"","potentialAction":[{"@type":"SearchAction","target":{"@type":"EntryPoint","urlTemplate":"https:\/\/www.reflectprint.eu\/?s={search_term_string}"},"query-input":{"@type":"PropertyValueSpecification","valueRequired":true,"valueName":"search_term_string"}}],"inLanguage":"fr-FR"}]}},"_links":{"self":[{"href":"https:\/\/www.reflectprint.eu\/fr\/wp-json\/wp\/v2\/pages\/165","targetHints":{"allow":["GET"]}}],"collection":[{"href":"https:\/\/www.reflectprint.eu\/fr\/wp-json\/wp\/v2\/pages"}],"about":[{"href":"https:\/\/www.reflectprint.eu\/fr\/wp-json\/wp\/v2\/types\/page"}],"author":[{"embeddable":true,"href":"https:\/\/www.reflectprint.eu\/fr\/wp-json\/wp\/v2\/users\/1"}],"replies":[{"embeddable":true,"href":"https:\/\/www.reflectprint.eu\/fr\/wp-json\/wp\/v2\/comments?post=165"}],"version-history":[{"count":2,"href":"https:\/\/www.reflectprint.eu\/fr\/wp-json\/wp\/v2\/pages\/165\/revisions"}],"predecessor-version":[{"id":202,"href":"https:\/\/www.reflectprint.eu\/fr\/wp-json\/wp\/v2\/pages\/165\/revisions\/202"}],"wp:featuredmedia":[{"embeddable":true,"href":"https:\/\/www.reflectprint.eu\/fr\/wp-json\/wp\/v2\/media\/195"}],"wp:attachment":[{"href":"https:\/\/www.reflectprint.eu\/fr\/wp-json\/wp\/v2\/media?parent=165"}],"curies":[{"name":"wp","href":"https:\/\/api.w.org\/{rel}","templated":true}]}}