{"id":175,"date":"2022-12-27T12:57:42","date_gmt":"2022-12-27T11:57:42","guid":{"rendered":"https:\/\/new.reflectprint.eu\/couture\/"},"modified":"2022-12-27T18:35:00","modified_gmt":"2022-12-27T17:35:00","slug":"couture","status":"publish","type":"page","link":"https:\/\/www.reflectprint.eu\/fr\/couture\/","title":{"rendered":"Couture"},"content":{"rendered":"<div class=\"content page-content\">\n<div class=\"wrap container-fluid\">\n<div class=\"row\">\n<div class=\"col-xs-12\">\n<div class=\"top-img\">\n<div class=\"st-item\">\n\t\t\t\t\t\t<img decoding=\"async\" src=\"\/wp-content\/themes\/dbx_reflect\/img\/slide.png\" alt=\"\" class=\"img-responsive\" \/><\/p>\n<div class=\"caption\">\n<ul class=\"breadcrumbs\">\n<li><a href=\"#\">Acceuil<\/a><\/li>\n<li>&gt;<\/li>\n<li>Couture<\/li>\n<\/ul>\n<h1>Couture<\/h1>\n<\/p><\/div>\n<\/p><\/div>\n<\/p><\/div>\n<p class=\"mb-50\">Si vous souhaitez cr\u00e9er des mod\u00e8les de v\u00eatements uniques ou les coudre \u00e0 partir des mat\u00e9riaux s\u00e9lectionn\u00e9s par votre marque, nous vous proposons notre soutient dans ce domaine.<\/p>\n<\/p><\/div>\n<div class=\"col-xs-12\">\n<div class=\"row el360 middle-xs\">\n<div class=\"col-xs-12 col-md-6\">\n                  <img decoding=\"async\" src=\"\/wp-content\/themes\/dbx_reflect\/img\/sewing-img1.jpg\" alt=\"\" class=\"img-responsive\" \/>\n                <\/div>\n<div class=\"col-xs-12 col-md-6\">\n<div class=\"padding-box\">\n<h3 class=\"mb-20\">Conception<\/h3>\n<p>Nous construisons le patron et pr\u00e9parons les coupes pour votre collection, ainsi que l&rsquo;impression par sublimation avant la couture si n\u00e9cessaire. Nous vous proposerons des tissus de notre magasin de mod\u00e8les ou prendrons en consid\u00e9ration vos tissus lors du d\u00e9veloppement du projet.<\/p>\n<p>\t\t\t\t  <a href=\"#wpcf7-f134-o1\" class=\"btn btn-primary ask-for-offer mt-30\" data-title=\"Conception\">Demandez une offre<\/a>\n\t\t\t\t  <\/div>\n<\/p><\/div>\n<\/p><\/div>\n<p><\/p>\n<div class=\"row el360 middle-xs\">\n<div class=\"col-xs-12 col-md-6\">\n<div class=\"padding-box\">\n<h3 class=\"mb-20\">Couture<\/h3>\n<p>Nous allons coudre votre projet \u00e0 l&rsquo;aide de machines avanc\u00e9es garantissant la pr\u00e9cision. Nous r\u00e9alisons nos services en utilisant les machines suivantes : autolap, surjeteuse 5 et 3 fils, machine \u00e0 coudre \u00e0 double aiguille et d\u2019autres. Et comme ce sont nos couturi\u00e8res exp\u00e9riment\u00e9es qui s&rsquo;en chargeront, vos v\u00eatements seront parfaits.<\/p>\n<p>\t\t\t\t  <a href=\"#wpcf7-f134-o1\" class=\"btn btn-primary ask-for-offer mt-30\" data-title=\"Couture\">Demandez une offre<\/a>\n\t\t\t\t  <\/div>\n<\/p><\/div>\n<div class=\"col-xs-12 col-md-6\">\n                  <img decoding=\"async\" src=\"\/wp-content\/themes\/dbx_reflect\/img\/sewing-img2.jpg\" alt=\"\" class=\"img-responsive\" \/>\n                <\/div>\n<\/p><\/div>\n<p><\/p>\n<div class=\"row el360\">\n<div class=\"col-xs-12 col-md-6\">\n<h4>Avantage de la couture :<\/h4>\n<ul class=\"checklist\">\n<li>Conception unique adapt\u00e9e aux besoins du client<\/li>\n<li>Couture sur mesure selon les directives &#8211; taille individuelle pour les grands volumes &#8211; \u00e0 partir de 100 pcs. par motif et 50 pcs. par taille.<\/li>\n<li>Permet de s\u00e9lectionner la qualit\u00e9 du tissu<\/li>\n<li>Permet le marquage sur des patrons &#8211; capacit\u00e9 de marquage accrue, m\u00eame dans les endroits difficilement accessibles<\/li>\n<li>Permet la mise en place des impressions full print gr\u00e2ce \u00e0 la r\u00e9alisation de l\u2019impression avant la couture.<\/li>\n<\/ul><\/div>\n<div class=\"col-xs-12 col-md-6\">\n<h4>Important \u00e0 savoir :<\/h4>\n<ul class=\"checklist\">\n<li>Les impressions fullprint sont r\u00e9alis\u00e9es sur des tissus polyester blancs<\/li>\n<li>Le temps n\u00e9cessaire pour concevoir et coudre un v\u00eatement est plus long que le temps n\u00e9cessaire pour effectuer le marquage du v\u00eatement fini.<\/li>\n<li>La couture devient rentable avec les grands volumes- \u00e0 partir de 100 pcs..<\/li>\n<li>Nous nous sp\u00e9cialisons dans une couture l\u00e9g\u00e8re et mod\u00e9r\u00e9ment lourde.<\/li>\n<\/ul><\/div>\n<\/p><\/div>\n<\/p><\/div>\n<\/p><\/div>\n<\/p><\/div>\n<\/div>\n<p><!--\/.content--><\/p>\n","protected":false},"excerpt":{"rendered":"<p>Acceuil &gt; Couture Couture Si vous souhaitez cr\u00e9er des mod\u00e8les de v\u00eatements uniques ou les coudre \u00e0 partir des mat\u00e9riaux s\u00e9lectionn\u00e9s par votre marque, nous vous proposons notre soutient dans ce domaine. Conception Nous construisons le patron et pr\u00e9parons les coupes pour votre collection, ainsi que l&rsquo;impression par sublimation avant la couture si n\u00e9cessaire. Nous [&hellip;]<\/p>\n","protected":false},"author":1,"featured_media":0,"parent":0,"menu_order":0,"comment_status":"closed","ping_status":"closed","template":"template-szycie.php","meta":{"footnotes":""},"class_list":["post-175","page","type-page","status-publish","hentry"],"yoast_head":"<!-- This site is optimized with the Yoast SEO plugin v27.5 - https:\/\/yoast.com\/product\/yoast-seo-wordpress\/ -->\n<title>Couture - Reflect<\/title>\n<meta name=\"robots\" content=\"index, follow, max-snippet:-1, max-image-preview:large, max-video-preview:-1\" \/>\n<link rel=\"canonical\" href=\"https:\/\/www.reflectprint.eu\/fr\/couture\/\" \/>\n<meta property=\"og:locale\" content=\"fr_FR\" \/>\n<meta property=\"og:type\" content=\"article\" \/>\n<meta property=\"og:title\" content=\"Couture - Reflect\" \/>\n<meta property=\"og:description\" content=\"Acceuil &gt; Couture Couture Si vous souhaitez cr\u00e9er des mod\u00e8les de v\u00eatements uniques ou les coudre \u00e0 partir des mat\u00e9riaux s\u00e9lectionn\u00e9s par votre marque, nous vous proposons notre soutient dans ce domaine. Conception Nous construisons le patron et pr\u00e9parons les coupes pour votre collection, ainsi que l&rsquo;impression par sublimation avant la couture si n\u00e9cessaire. Nous [&hellip;]\" \/>\n<meta property=\"og:url\" content=\"https:\/\/www.reflectprint.eu\/fr\/couture\/\" \/>\n<meta property=\"og:site_name\" content=\"Reflect\" \/>\n<meta property=\"article:modified_time\" content=\"2022-12-27T17:35:00+00:00\" \/>\n<meta name=\"twitter:card\" content=\"summary_large_image\" \/>\n<meta name=\"twitter:label1\" content=\"Dur\u00e9e de lecture estim\u00e9e\" \/>\n\t<meta name=\"twitter:data1\" content=\"1 minute\" \/>\n<script type=\"application\/ld+json\" class=\"yoast-schema-graph\">{\"@context\":\"https:\\\/\\\/schema.org\",\"@graph\":[{\"@type\":\"WebPage\",\"@id\":\"https:\\\/\\\/www.reflectprint.eu\\\/fr\\\/couture\\\/\",\"url\":\"https:\\\/\\\/www.reflectprint.eu\\\/fr\\\/couture\\\/\",\"name\":\"Couture - Reflect\",\"isPartOf\":{\"@id\":\"https:\\\/\\\/www.reflectprint.eu\\\/#website\"},\"datePublished\":\"2022-12-27T11:57:42+00:00\",\"dateModified\":\"2022-12-27T17:35:00+00:00\",\"breadcrumb\":{\"@id\":\"https:\\\/\\\/www.reflectprint.eu\\\/fr\\\/couture\\\/#breadcrumb\"},\"inLanguage\":\"fr-FR\",\"potentialAction\":[{\"@type\":\"ReadAction\",\"target\":[\"https:\\\/\\\/www.reflectprint.eu\\\/fr\\\/couture\\\/\"]}]},{\"@type\":\"BreadcrumbList\",\"@id\":\"https:\\\/\\\/www.reflectprint.eu\\\/fr\\\/couture\\\/#breadcrumb\",\"itemListElement\":[{\"@type\":\"ListItem\",\"position\":1,\"name\":\"Strona g\u0142\u00f3wna\",\"item\":\"https:\\\/\\\/www.reflectprint.eu\\\/fr\\\/\"},{\"@type\":\"ListItem\",\"position\":2,\"name\":\"Couture\"}]},{\"@type\":\"WebSite\",\"@id\":\"https:\\\/\\\/www.reflectprint.eu\\\/#website\",\"url\":\"https:\\\/\\\/www.reflectprint.eu\\\/\",\"name\":\"Reflect\",\"description\":\"\",\"potentialAction\":[{\"@type\":\"SearchAction\",\"target\":{\"@type\":\"EntryPoint\",\"urlTemplate\":\"https:\\\/\\\/www.reflectprint.eu\\\/?s={search_term_string}\"},\"query-input\":{\"@type\":\"PropertyValueSpecification\",\"valueRequired\":true,\"valueName\":\"search_term_string\"}}],\"inLanguage\":\"fr-FR\"}]}<\/script>\n<!-- \/ Yoast SEO plugin. -->","yoast_head_json":{"title":"Couture - Reflect","robots":{"index":"index","follow":"follow","max-snippet":"max-snippet:-1","max-image-preview":"max-image-preview:large","max-video-preview":"max-video-preview:-1"},"canonical":"https:\/\/www.reflectprint.eu\/fr\/couture\/","og_locale":"fr_FR","og_type":"article","og_title":"Couture - Reflect","og_description":"Acceuil &gt; Couture Couture Si vous souhaitez cr\u00e9er des mod\u00e8les de v\u00eatements uniques ou les coudre \u00e0 partir des mat\u00e9riaux s\u00e9lectionn\u00e9s par votre marque, nous vous proposons notre soutient dans ce domaine. Conception Nous construisons le patron et pr\u00e9parons les coupes pour votre collection, ainsi que l&rsquo;impression par sublimation avant la couture si n\u00e9cessaire. Nous [&hellip;]","og_url":"https:\/\/www.reflectprint.eu\/fr\/couture\/","og_site_name":"Reflect","article_modified_time":"2022-12-27T17:35:00+00:00","twitter_card":"summary_large_image","twitter_misc":{"Dur\u00e9e de lecture estim\u00e9e":"1 minute"},"schema":{"@context":"https:\/\/schema.org","@graph":[{"@type":"WebPage","@id":"https:\/\/www.reflectprint.eu\/fr\/couture\/","url":"https:\/\/www.reflectprint.eu\/fr\/couture\/","name":"Couture - Reflect","isPartOf":{"@id":"https:\/\/www.reflectprint.eu\/#website"},"datePublished":"2022-12-27T11:57:42+00:00","dateModified":"2022-12-27T17:35:00+00:00","breadcrumb":{"@id":"https:\/\/www.reflectprint.eu\/fr\/couture\/#breadcrumb"},"inLanguage":"fr-FR","potentialAction":[{"@type":"ReadAction","target":["https:\/\/www.reflectprint.eu\/fr\/couture\/"]}]},{"@type":"BreadcrumbList","@id":"https:\/\/www.reflectprint.eu\/fr\/couture\/#breadcrumb","itemListElement":[{"@type":"ListItem","position":1,"name":"Strona g\u0142\u00f3wna","item":"https:\/\/www.reflectprint.eu\/fr\/"},{"@type":"ListItem","position":2,"name":"Couture"}]},{"@type":"WebSite","@id":"https:\/\/www.reflectprint.eu\/#website","url":"https:\/\/www.reflectprint.eu\/","name":"Reflect","description":"","potentialAction":[{"@type":"SearchAction","target":{"@type":"EntryPoint","urlTemplate":"https:\/\/www.reflectprint.eu\/?s={search_term_string}"},"query-input":{"@type":"PropertyValueSpecification","valueRequired":true,"valueName":"search_term_string"}}],"inLanguage":"fr-FR"}]}},"_links":{"self":[{"href":"https:\/\/www.reflectprint.eu\/fr\/wp-json\/wp\/v2\/pages\/175","targetHints":{"allow":["GET"]}}],"collection":[{"href":"https:\/\/www.reflectprint.eu\/fr\/wp-json\/wp\/v2\/pages"}],"about":[{"href":"https:\/\/www.reflectprint.eu\/fr\/wp-json\/wp\/v2\/types\/page"}],"author":[{"embeddable":true,"href":"https:\/\/www.reflectprint.eu\/fr\/wp-json\/wp\/v2\/users\/1"}],"replies":[{"embeddable":true,"href":"https:\/\/www.reflectprint.eu\/fr\/wp-json\/wp\/v2\/comments?post=175"}],"version-history":[{"count":1,"href":"https:\/\/www.reflectprint.eu\/fr\/wp-json\/wp\/v2\/pages\/175\/revisions"}],"predecessor-version":[{"id":231,"href":"https:\/\/www.reflectprint.eu\/fr\/wp-json\/wp\/v2\/pages\/175\/revisions\/231"}],"wp:attachment":[{"href":"https:\/\/www.reflectprint.eu\/fr\/wp-json\/wp\/v2\/media?parent=175"}],"curies":[{"name":"wp","href":"https:\/\/api.w.org\/{rel}","templated":true}]}}